{"id":27135,"date":"2025-11-24T16:27:29","date_gmt":"2025-11-24T15:27:29","guid":{"rendered":"https:\/\/stampcurio.com\/product\/1920-magyarorszag-hadifogoly-probanyomat-sor-hartyapapiron\/"},"modified":"2026-01-05T15:14:33","modified_gmt":"2026-01-05T14:14:33","slug":"1920-magyarorszag-hadifogoly-probanyomat-sor-vekony-papiron","status":"publish","type":"product","link":"https:\/\/stampcurio.com\/hu\/termek\/1920-magyarorszag-hadifogoly-probanyomat-sor-vekony-papiron\/","title":{"rendered":"1920 Magyarorsz\u00e1g &#8211; Hadifogoly pr\u00f3banyomat sor v\u00e9kony pap\u00edron"},"content":{"rendered":"","protected":false},"excerpt":{"rendered":"","protected":false},"featured_media":30718,"template":"","meta":[],"product_brand":[],"product_cat":[1172],"product_tag":[1669,116,390,1006],"class_list":{"0":"post-27135","1":"product","2":"type-product","3":"status-publish","4":"has-post-thumbnail","6":"product_cat-magyarorszag","7":"product_tag-3rd-auction","8":"product_tag-belyeg","9":"product_tag-probanyomat","10":"product_tag-unsold","12":"first","13":"instock","14":"sold-individually","15":"shipping-taxable","16":"purchasable","17":"product-type-simple"},"_links":{"self":[{"href":"https:\/\/stampcurio.com\/hu\/wp-json\/wp\/v2\/product\/27135","targetHints":{"allow":["GET"]}}],"collection":[{"href":"https:\/\/stampcurio.com\/hu\/wp-json\/wp\/v2\/product"}],"about":[{"href":"https:\/\/stampcurio.com\/hu\/wp-json\/wp\/v2\/types\/product"}],"wp:featuredmedia":[{"embeddable":true,"href":"https:\/\/stampcurio.com\/hu\/wp-json\/wp\/v2\/media\/30718"}],"wp:attachment":[{"href":"https:\/\/stampcurio.com\/hu\/wp-json\/wp\/v2\/media?parent=27135"}],"wp:term":[{"taxonomy":"product_brand","embeddable":true,"href":"https:\/\/stampcurio.com\/hu\/wp-json\/wp\/v2\/product_brand?post=27135"},{"taxonomy":"product_cat","embeddable":true,"href":"https:\/\/stampcurio.com\/hu\/wp-json\/wp\/v2\/product_cat?post=27135"},{"taxonomy":"product_tag","embeddable":true,"href":"https:\/\/stampcurio.com\/hu\/wp-json\/wp\/v2\/product_tag?post=27135"}],"curies":[{"name":"wp","href":"https:\/\/api.w.org\/{rel}","templated":true}]}}