{"id":27134,"date":"2025-11-24T16:27:28","date_gmt":"2025-11-24T15:27:28","guid":{"rendered":"https:\/\/stampcurio.com\/product\/1893-magyarorszag-tavbeszelojegy-1-ft-bermentesitessel-rendkivul-ritka\/"},"modified":"2026-01-05T15:14:34","modified_gmt":"2026-01-05T14:14:34","slug":"1893-magyarorszag-tavbeszelojegy-1-ft-bermentesitessel-rendkivul-ritka-postai-tavirdai-dokumentum","status":"publish","type":"product","link":"https:\/\/stampcurio.com\/hu\/termek\/1893-magyarorszag-tavbeszelojegy-1-ft-bermentesitessel-rendkivul-ritka-postai-tavirdai-dokumentum\/","title":{"rendered":"1893 Magyarorsz\u00e1g &#8211; t\u00e1vbesz\u00e9l\u0151jegy 1 Ft b\u00e9rmentes\u00edt\u00e9ssel \u2013 rendk\u00edv\u00fcl ritka postai \/ t\u00e1virdai dokumentum"},"content":{"rendered":"","protected":false},"excerpt":{"rendered":"","protected":false},"featured_media":28047,"template":"","meta":[],"product_brand":[],"product_cat":[1172],"product_tag":[1669,116,176,89,209,1006],"class_list":{"0":"post-27134","1":"product","2":"type-product","3":"status-publish","4":"has-post-thumbnail","6":"product_cat-magyarorszag","7":"product_tag-3rd-auction","8":"product_tag-belyeg","9":"product_tag-philagem","10":"product_tag-postatortenet","11":"product_tag-tavirat","12":"product_tag-unsold","14":"first","15":"instock","16":"sold-individually","17":"shipping-taxable","18":"purchasable","19":"product-type-simple"},"_links":{"self":[{"href":"https:\/\/stampcurio.com\/hu\/wp-json\/wp\/v2\/product\/27134","targetHints":{"allow":["GET"]}}],"collection":[{"href":"https:\/\/stampcurio.com\/hu\/wp-json\/wp\/v2\/product"}],"about":[{"href":"https:\/\/stampcurio.com\/hu\/wp-json\/wp\/v2\/types\/product"}],"wp:featuredmedia":[{"embeddable":true,"href":"https:\/\/stampcurio.com\/hu\/wp-json\/wp\/v2\/media\/28047"}],"wp:attachment":[{"href":"https:\/\/stampcurio.com\/hu\/wp-json\/wp\/v2\/media?parent=27134"}],"wp:term":[{"taxonomy":"product_brand","embeddable":true,"href":"https:\/\/stampcurio.com\/hu\/wp-json\/wp\/v2\/product_brand?post=27134"},{"taxonomy":"product_cat","embeddable":true,"href":"https:\/\/stampcurio.com\/hu\/wp-json\/wp\/v2\/product_cat?post=27134"},{"taxonomy":"product_tag","embeddable":true,"href":"https:\/\/stampcurio.com\/hu\/wp-json\/wp\/v2\/product_tag?post=27134"}],"curies":[{"name":"wp","href":"https:\/\/api.w.org\/{rel}","templated":true}]}}