{"id":27133,"date":"2025-11-24T16:27:28","date_gmt":"2025-11-24T15:27:28","guid":{"rendered":"https:\/\/stampcurio.com\/product\/1921-magyarorszag-nyugat-magyarorszag-teljes-sor-levelen-halalfejes-harmas-lyukasztasu-20-filler-sign-mertl\/"},"modified":"2025-12-05T04:03:52","modified_gmt":"2025-12-05T03:03:52","slug":"1921-magyarorszag-nyugat-magyarorszag-ii-teljes-sor-ajanlott-cenzurazott-boritekon-sign-mertl-attest-bodor","status":"publish","type":"product","link":"https:\/\/stampcurio.com\/hu\/termek\/1921-magyarorszag-nyugat-magyarorszag-ii-teljes-sor-ajanlott-cenzurazott-boritekon-sign-mertl-attest-bodor\/","title":{"rendered":"1921 Magyarorsz\u00e1g &#8211; Nyugat-Magyarorsz\u00e1g II. teljes sor aj\u00e1nlott cenz\u00far\u00e1zott bor\u00edt\u00e9kon &#8211; sign Mertl &#8211; Attest Bodor"},"content":{"rendered":"","protected":false},"excerpt":{"rendered":"<p>A 20 fill\u00e9res b\u00e9lyeg h\u00e1rmas lyukaszt\u00e1s\u00fa.<\/p>\n","protected":false},"featured_media":27998,"template":"","meta":[],"product_brand":[],"product_cat":[1178,1172],"product_tag":[1669,116,1332,1041,176,89],"class_list":{"0":"post-27133","1":"product","2":"type-product","3":"status-publish","4":"has-post-thumbnail","6":"product_cat-ausztria","7":"product_cat-magyarorszag","8":"product_tag-3rd-auction","9":"product_tag-belyeg","10":"product_tag-helyi-kiadas","11":"product_tag-marcophily-hu","12":"product_tag-philagem","13":"product_tag-postatortenet","15":"first","16":"outofstock","17":"sold-individually","18":"shipping-taxable","19":"purchasable","20":"product-type-simple"},"_links":{"self":[{"href":"https:\/\/stampcurio.com\/hu\/wp-json\/wp\/v2\/product\/27133","targetHints":{"allow":["GET"]}}],"collection":[{"href":"https:\/\/stampcurio.com\/hu\/wp-json\/wp\/v2\/product"}],"about":[{"href":"https:\/\/stampcurio.com\/hu\/wp-json\/wp\/v2\/types\/product"}],"wp:featuredmedia":[{"embeddable":true,"href":"https:\/\/stampcurio.com\/hu\/wp-json\/wp\/v2\/media\/27998"}],"wp:attachment":[{"href":"https:\/\/stampcurio.com\/hu\/wp-json\/wp\/v2\/media?parent=27133"}],"wp:term":[{"taxonomy":"product_brand","embeddable":true,"href":"https:\/\/stampcurio.com\/hu\/wp-json\/wp\/v2\/product_brand?post=27133"},{"taxonomy":"product_cat","embeddable":true,"href":"https:\/\/stampcurio.com\/hu\/wp-json\/wp\/v2\/product_cat?post=27133"},{"taxonomy":"product_tag","embeddable":true,"href":"https:\/\/stampcurio.com\/hu\/wp-json\/wp\/v2\/product_tag?post=27133"}],"curies":[{"name":"wp","href":"https:\/\/api.w.org\/{rel}","templated":true}]}}