{"id":27132,"date":"2025-11-24T16:27:28","date_gmt":"2025-11-24T15:27:28","guid":{"rendered":"https:\/\/stampcurio.com\/product\/1912-india-kelet-india-khandwa-katolikus-misszio-misszionarius-konyvtarifas-wrapper-svajcba-kuldve\/"},"modified":"2026-01-05T15:14:33","modified_gmt":"2026-01-05T14:14:33","slug":"1912-india-kelet-india-khandwa-katolikus-misszio-altal-svajcba-kuldott-cimszallag-ritka-specialis-konyvtarifas-kuldemeny-misszionarius-levelezes","status":"publish","type":"product","link":"https:\/\/stampcurio.com\/hu\/termek\/1912-india-kelet-india-khandwa-katolikus-misszio-altal-svajcba-kuldott-cimszallag-ritka-specialis-konyvtarifas-kuldemeny-misszionarius-levelezes\/","title":{"rendered":"1912 India &#8211; Kelet-India Khandwa katolikus misszi\u00f3 \u00e1ltal Sv\u00e1jcba k\u00fcld\u00f6tt c\u00edmszallag. Ritka speci\u00e1lis k\u00f6nyvtarif\u00e1s k\u00fcldem\u00e9ny. Misszion\u00e1rius levelez\u00e9s."},"content":{"rendered":"","protected":false},"excerpt":{"rendered":"","protected":false},"featured_media":34345,"template":"","meta":[],"product_brand":[],"product_cat":[1186,1206],"product_tag":[1669,259,89,1006],"class_list":{"0":"post-27132","1":"product","2":"type-product","3":"status-publish","4":"has-post-thumbnail","6":"product_cat-brit-birodalom","7":"product_cat-india","8":"product_tag-3rd-auction","9":"product_tag-cimszalag","10":"product_tag-postatortenet","11":"product_tag-unsold","13":"first","14":"instock","15":"sold-individually","16":"shipping-taxable","17":"purchasable","18":"product-type-simple"},"_links":{"self":[{"href":"https:\/\/stampcurio.com\/hu\/wp-json\/wp\/v2\/product\/27132","targetHints":{"allow":["GET"]}}],"collection":[{"href":"https:\/\/stampcurio.com\/hu\/wp-json\/wp\/v2\/product"}],"about":[{"href":"https:\/\/stampcurio.com\/hu\/wp-json\/wp\/v2\/types\/product"}],"wp:featuredmedia":[{"embeddable":true,"href":"https:\/\/stampcurio.com\/hu\/wp-json\/wp\/v2\/media\/34345"}],"wp:attachment":[{"href":"https:\/\/stampcurio.com\/hu\/wp-json\/wp\/v2\/media?parent=27132"}],"wp:term":[{"taxonomy":"product_brand","embeddable":true,"href":"https:\/\/stampcurio.com\/hu\/wp-json\/wp\/v2\/product_brand?post=27132"},{"taxonomy":"product_cat","embeddable":true,"href":"https:\/\/stampcurio.com\/hu\/wp-json\/wp\/v2\/product_cat?post=27132"},{"taxonomy":"product_tag","embeddable":true,"href":"https:\/\/stampcurio.com\/hu\/wp-json\/wp\/v2\/product_tag?post=27132"}],"curies":[{"name":"wp","href":"https:\/\/api.w.org\/{rel}","templated":true}]}}