{"id":27131,"date":"2025-11-24T16:27:27","date_gmt":"2025-11-24T15:27:27","guid":{"rendered":"https:\/\/stampcurio.com\/product\/1865-nemetorszag-bajororszagbol-pestre-kuldott-level-9-neue-kreuzer-belyeggel-a-belyeg-papirjaban-fuggoleges-piros-csik\/"},"modified":"2026-01-05T15:14:34","modified_gmt":"2026-01-05T14:14:34","slug":"1865-nemetorszag-bajororszagbol-pestre-kuldott-level-9-kreuzer-belyeggel-jobb-destinacio","status":"publish","type":"product","link":"https:\/\/stampcurio.com\/hu\/termek\/1865-nemetorszag-bajororszagbol-pestre-kuldott-level-9-kreuzer-belyeggel-jobb-destinacio\/","title":{"rendered":"1865 N\u00e9metorsz\u00e1g &#8211; Bajororsz\u00e1gb\u00f3l Pestre k\u00fcld\u00f6tt lev\u00e9l 9 kreuzer b\u00e9lyeggel &#8211; jobb destin\u00e1ci\u00f3"},"content":{"rendered":"","protected":false},"excerpt":{"rendered":"","protected":false},"featured_media":28044,"template":"","meta":[],"product_brand":[],"product_cat":[1172,1175],"product_tag":[1669,89,1006],"class_list":{"0":"post-27131","1":"product","2":"type-product","3":"status-publish","4":"has-post-thumbnail","6":"product_cat-magyarorszag","7":"product_cat-nemetorszag","8":"product_tag-3rd-auction","9":"product_tag-postatortenet","10":"product_tag-unsold","12":"first","13":"instock","14":"sold-individually","15":"shipping-taxable","16":"purchasable","17":"product-type-simple"},"_links":{"self":[{"href":"https:\/\/stampcurio.com\/hu\/wp-json\/wp\/v2\/product\/27131","targetHints":{"allow":["GET"]}}],"collection":[{"href":"https:\/\/stampcurio.com\/hu\/wp-json\/wp\/v2\/product"}],"about":[{"href":"https:\/\/stampcurio.com\/hu\/wp-json\/wp\/v2\/types\/product"}],"wp:featuredmedia":[{"embeddable":true,"href":"https:\/\/stampcurio.com\/hu\/wp-json\/wp\/v2\/media\/28044"}],"wp:attachment":[{"href":"https:\/\/stampcurio.com\/hu\/wp-json\/wp\/v2\/media?parent=27131"}],"wp:term":[{"taxonomy":"product_brand","embeddable":true,"href":"https:\/\/stampcurio.com\/hu\/wp-json\/wp\/v2\/product_brand?post=27131"},{"taxonomy":"product_cat","embeddable":true,"href":"https:\/\/stampcurio.com\/hu\/wp-json\/wp\/v2\/product_cat?post=27131"},{"taxonomy":"product_tag","embeddable":true,"href":"https:\/\/stampcurio.com\/hu\/wp-json\/wp\/v2\/product_tag?post=27131"}],"curies":[{"name":"wp","href":"https:\/\/api.w.org\/{rel}","templated":true}]}}