{"id":27130,"date":"2025-11-24T16:27:27","date_gmt":"2025-11-24T15:27:27","guid":{"rendered":"https:\/\/stampcurio.com\/product\/1945-nemetorszag-finsterwalde-otvenes-ivekben-teljes-sor-12-iv\/"},"modified":"2025-12-05T04:03:53","modified_gmt":"2025-12-05T03:03:53","slug":"1945-nemetorszag-finsterwalde-teljes-sor-ivekben-12-postatiszta-iv","status":"publish","type":"product","link":"https:\/\/stampcurio.com\/hu\/termek\/1945-nemetorszag-finsterwalde-teljes-sor-ivekben-12-postatiszta-iv\/","title":{"rendered":"1945 N\u00e9metorsz\u00e1g &#8211; Finsterwalde teljes sor \u00edvekben \u2013 12 postatiszta ** \u00edv"},"content":{"rendered":"","protected":false},"excerpt":{"rendered":"","protected":false},"featured_media":28024,"template":"","meta":[],"product_brand":[],"product_cat":[1175],"product_tag":[1669,116,1332],"class_list":{"0":"post-27130","1":"product","2":"type-product","3":"status-publish","4":"has-post-thumbnail","6":"product_cat-nemetorszag","7":"product_tag-3rd-auction","8":"product_tag-belyeg","9":"product_tag-helyi-kiadas","11":"first","12":"outofstock","13":"sold-individually","14":"shipping-taxable","15":"purchasable","16":"product-type-simple"},"_links":{"self":[{"href":"https:\/\/stampcurio.com\/hu\/wp-json\/wp\/v2\/product\/27130","targetHints":{"allow":["GET"]}}],"collection":[{"href":"https:\/\/stampcurio.com\/hu\/wp-json\/wp\/v2\/product"}],"about":[{"href":"https:\/\/stampcurio.com\/hu\/wp-json\/wp\/v2\/types\/product"}],"wp:featuredmedia":[{"embeddable":true,"href":"https:\/\/stampcurio.com\/hu\/wp-json\/wp\/v2\/media\/28024"}],"wp:attachment":[{"href":"https:\/\/stampcurio.com\/hu\/wp-json\/wp\/v2\/media?parent=27130"}],"wp:term":[{"taxonomy":"product_brand","embeddable":true,"href":"https:\/\/stampcurio.com\/hu\/wp-json\/wp\/v2\/product_brand?post=27130"},{"taxonomy":"product_cat","embeddable":true,"href":"https:\/\/stampcurio.com\/hu\/wp-json\/wp\/v2\/product_cat?post=27130"},{"taxonomy":"product_tag","embeddable":true,"href":"https:\/\/stampcurio.com\/hu\/wp-json\/wp\/v2\/product_tag?post=27130"}],"curies":[{"name":"wp","href":"https:\/\/api.w.org\/{rel}","templated":true}]}}