{"id":27129,"date":"2025-11-24T16:27:26","date_gmt":"2025-11-24T15:27:26","guid":{"rendered":"https:\/\/stampcurio.com\/product\/1945-nemetorszag-spremberg-vagott-es-fogazott-felulnyomott-belyegek-harmincas-ivekben-osszesen-6-iv\/"},"modified":"2025-12-05T04:03:54","modified_gmt":"2025-12-05T03:03:54","slug":"1945-nemetorszag-spremberg-vagott-es-fogazott-felulnyomott-belyegek-harmincas-ivekben-osszesen-6-iv","status":"publish","type":"product","link":"https:\/\/stampcurio.com\/hu\/termek\/1945-nemetorszag-spremberg-vagott-es-fogazott-felulnyomott-belyegek-harmincas-ivekben-osszesen-6-iv\/","title":{"rendered":"1945 N\u00e9metorsz\u00e1g &#8211; Spremberg v\u00e1gott \u00e9s fogazott fel\u00fclnyomott b\u00e9lyegek harmincas \u00edvekben \u2013 \u00f6sszesen 6 \u00edv **"},"content":{"rendered":"","protected":false},"excerpt":{"rendered":"","protected":false},"featured_media":32175,"template":"","meta":[],"product_brand":[],"product_cat":[1175],"product_tag":[1669,116,1332],"class_list":{"0":"post-27129","1":"product","2":"type-product","3":"status-publish","4":"has-post-thumbnail","6":"product_cat-nemetorszag","7":"product_tag-3rd-auction","8":"product_tag-belyeg","9":"product_tag-helyi-kiadas","11":"first","12":"outofstock","13":"sold-individually","14":"shipping-taxable","15":"purchasable","16":"product-type-simple"},"_links":{"self":[{"href":"https:\/\/stampcurio.com\/hu\/wp-json\/wp\/v2\/product\/27129","targetHints":{"allow":["GET"]}}],"collection":[{"href":"https:\/\/stampcurio.com\/hu\/wp-json\/wp\/v2\/product"}],"about":[{"href":"https:\/\/stampcurio.com\/hu\/wp-json\/wp\/v2\/types\/product"}],"wp:featuredmedia":[{"embeddable":true,"href":"https:\/\/stampcurio.com\/hu\/wp-json\/wp\/v2\/media\/32175"}],"wp:attachment":[{"href":"https:\/\/stampcurio.com\/hu\/wp-json\/wp\/v2\/media?parent=27129"}],"wp:term":[{"taxonomy":"product_brand","embeddable":true,"href":"https:\/\/stampcurio.com\/hu\/wp-json\/wp\/v2\/product_brand?post=27129"},{"taxonomy":"product_cat","embeddable":true,"href":"https:\/\/stampcurio.com\/hu\/wp-json\/wp\/v2\/product_cat?post=27129"},{"taxonomy":"product_tag","embeddable":true,"href":"https:\/\/stampcurio.com\/hu\/wp-json\/wp\/v2\/product_tag?post=27129"}],"curies":[{"name":"wp","href":"https:\/\/api.w.org\/{rel}","templated":true}]}}