{"id":27128,"date":"2025-11-24T16:27:24","date_gmt":"2025-11-24T15:27:24","guid":{"rendered":"https:\/\/stampcurio.com\/product\/1853-magyarorszag-arveresi-hiradas-gyor-raab-u-eddig-ismeretlen-hirdetmeny-szignettaval\/"},"modified":"2025-12-05T04:03:54","modified_gmt":"2025-12-05T03:03:54","slug":"1853-magyarorszag-gyori-arveresi-hirdetmeny-raab-u-ii-eddig-ismeretlen-hirdetmeny-szignettaval","status":"publish","type":"product","link":"https:\/\/stampcurio.com\/hu\/termek\/1853-magyarorszag-gyori-arveresi-hirdetmeny-raab-u-ii-eddig-ismeretlen-hirdetmeny-szignettaval\/","title":{"rendered":"1853 Magyarorsz\u00e1g &#8211; Gy\u0151ri \u00e1rver\u00e9si h\u00edrdetm\u00e9ny &#8211; RAAB U. \/ II eddig ismeretlen hirdetm\u00e9ny szignett\u00e1val"},"content":{"rendered":"","protected":false},"excerpt":{"rendered":"","protected":false},"featured_media":28852,"template":"","meta":[],"product_brand":[],"product_cat":[1178,1172],"product_tag":[1669,282,1329],"class_list":{"0":"post-27128","1":"product","2":"type-product","3":"status-publish","4":"has-post-thumbnail","6":"product_cat-ausztria","7":"product_cat-magyarorszag","8":"product_tag-3rd-auction","9":"product_tag-okmanybelyeg","10":"product_tag-szignetta","12":"first","13":"outofstock","14":"sold-individually","15":"shipping-taxable","16":"purchasable","17":"product-type-simple"},"_links":{"self":[{"href":"https:\/\/stampcurio.com\/hu\/wp-json\/wp\/v2\/product\/27128","targetHints":{"allow":["GET"]}}],"collection":[{"href":"https:\/\/stampcurio.com\/hu\/wp-json\/wp\/v2\/product"}],"about":[{"href":"https:\/\/stampcurio.com\/hu\/wp-json\/wp\/v2\/types\/product"}],"wp:featuredmedia":[{"embeddable":true,"href":"https:\/\/stampcurio.com\/hu\/wp-json\/wp\/v2\/media\/28852"}],"wp:attachment":[{"href":"https:\/\/stampcurio.com\/hu\/wp-json\/wp\/v2\/media?parent=27128"}],"wp:term":[{"taxonomy":"product_brand","embeddable":true,"href":"https:\/\/stampcurio.com\/hu\/wp-json\/wp\/v2\/product_brand?post=27128"},{"taxonomy":"product_cat","embeddable":true,"href":"https:\/\/stampcurio.com\/hu\/wp-json\/wp\/v2\/product_cat?post=27128"},{"taxonomy":"product_tag","embeddable":true,"href":"https:\/\/stampcurio.com\/hu\/wp-json\/wp\/v2\/product_tag?post=27128"}],"curies":[{"name":"wp","href":"https:\/\/api.w.org\/{rel}","templated":true}]}}