{"id":27127,"date":"2025-11-24T16:27:23","date_gmt":"2025-11-24T15:27:23","guid":{"rendered":"https:\/\/stampcurio.com\/product\/1861-magyarorszag-15-kr-dijjegyes-boritek-tokaj-becs\/"},"modified":"2025-12-05T04:03:54","modified_gmt":"2025-12-05T03:03:54","slug":"1861-ausztria-magyarorszag-15-kr-dijjegyes-boritek-szep-tokaj-belyegzessel","status":"publish","type":"product","link":"https:\/\/stampcurio.com\/hu\/termek\/1861-ausztria-magyarorszag-15-kr-dijjegyes-boritek-szep-tokaj-belyegzessel\/","title":{"rendered":"1861 Ausztria &#8211; Magyarorsz\u00e1g 15 kr d\u00edjjegyes bor\u00edt\u00e9k sz\u00e9p Tokaj b\u00e9lyegz\u00e9ssel"},"content":{"rendered":"","protected":false},"excerpt":{"rendered":"","protected":false},"featured_media":28051,"template":"","meta":[],"product_brand":[],"product_cat":[1178,1172],"product_tag":[1669,74,1041],"class_list":{"0":"post-27127","1":"product","2":"type-product","3":"status-publish","4":"has-post-thumbnail","6":"product_cat-ausztria","7":"product_cat-magyarorszag","8":"product_tag-3rd-auction","9":"product_tag-dijjegyes","10":"product_tag-marcophily-hu","12":"first","13":"outofstock","14":"sold-individually","15":"shipping-taxable","16":"purchasable","17":"product-type-simple"},"_links":{"self":[{"href":"https:\/\/stampcurio.com\/hu\/wp-json\/wp\/v2\/product\/27127","targetHints":{"allow":["GET"]}}],"collection":[{"href":"https:\/\/stampcurio.com\/hu\/wp-json\/wp\/v2\/product"}],"about":[{"href":"https:\/\/stampcurio.com\/hu\/wp-json\/wp\/v2\/types\/product"}],"wp:featuredmedia":[{"embeddable":true,"href":"https:\/\/stampcurio.com\/hu\/wp-json\/wp\/v2\/media\/28051"}],"wp:attachment":[{"href":"https:\/\/stampcurio.com\/hu\/wp-json\/wp\/v2\/media?parent=27127"}],"wp:term":[{"taxonomy":"product_brand","embeddable":true,"href":"https:\/\/stampcurio.com\/hu\/wp-json\/wp\/v2\/product_brand?post=27127"},{"taxonomy":"product_cat","embeddable":true,"href":"https:\/\/stampcurio.com\/hu\/wp-json\/wp\/v2\/product_cat?post=27127"},{"taxonomy":"product_tag","embeddable":true,"href":"https:\/\/stampcurio.com\/hu\/wp-json\/wp\/v2\/product_tag?post=27127"}],"curies":[{"name":"wp","href":"https:\/\/api.w.org\/{rel}","templated":true}]}}