{"id":27126,"date":"2025-11-24T16:27:23","date_gmt":"2025-11-24T15:27:23","guid":{"rendered":"https:\/\/stampcurio.com\/product\/1925-magyarorszag-budapesti-turista-egyesulet-dr-gyozo-dezso-menedekhaz-levelzaro-lila-sarkan-betapadas\/"},"modified":"2026-01-05T15:14:34","modified_gmt":"2026-01-05T14:14:34","slug":"1925-magyarorszag-budapesti-turista-egyesulet-dr-gyozo-dezso-menedekhaz-levelzaro-sorozat","status":"publish","type":"product","link":"https:\/\/stampcurio.com\/hu\/termek\/1925-magyarorszag-budapesti-turista-egyesulet-dr-gyozo-dezso-menedekhaz-levelzaro-sorozat\/","title":{"rendered":"1925 Magyarorsz\u00e1g &#8211; Budapesti Turista Egyes\u00fclet Dr. Gy\u0151z\u0151 Dezs\u0151 mened\u00e9kh\u00e1z lev\u00e9lz\u00e1r\u00f3 sorozat"},"content":{"rendered":"","protected":false},"excerpt":{"rendered":"<p>A lila sark\u00e1n betapad\u00e1s, a t\u00f6bbi postatiszta **.<\/p>\n","protected":false},"featured_media":33625,"template":"","meta":[],"product_brand":[],"product_cat":[1172],"product_tag":[1669,194,1006],"class_list":{"0":"post-27126","1":"product","2":"type-product","3":"status-publish","4":"has-post-thumbnail","6":"product_cat-magyarorszag","7":"product_tag-3rd-auction","8":"product_tag-levelzaro","9":"product_tag-unsold","11":"first","12":"instock","13":"sold-individually","14":"shipping-taxable","15":"purchasable","16":"product-type-simple"},"_links":{"self":[{"href":"https:\/\/stampcurio.com\/hu\/wp-json\/wp\/v2\/product\/27126","targetHints":{"allow":["GET"]}}],"collection":[{"href":"https:\/\/stampcurio.com\/hu\/wp-json\/wp\/v2\/product"}],"about":[{"href":"https:\/\/stampcurio.com\/hu\/wp-json\/wp\/v2\/types\/product"}],"wp:featuredmedia":[{"embeddable":true,"href":"https:\/\/stampcurio.com\/hu\/wp-json\/wp\/v2\/media\/33625"}],"wp:attachment":[{"href":"https:\/\/stampcurio.com\/hu\/wp-json\/wp\/v2\/media?parent=27126"}],"wp:term":[{"taxonomy":"product_brand","embeddable":true,"href":"https:\/\/stampcurio.com\/hu\/wp-json\/wp\/v2\/product_brand?post=27126"},{"taxonomy":"product_cat","embeddable":true,"href":"https:\/\/stampcurio.com\/hu\/wp-json\/wp\/v2\/product_cat?post=27126"},{"taxonomy":"product_tag","embeddable":true,"href":"https:\/\/stampcurio.com\/hu\/wp-json\/wp\/v2\/product_tag?post=27126"}],"curies":[{"name":"wp","href":"https:\/\/api.w.org\/{rel}","templated":true}]}}