{"id":27125,"date":"2025-11-24T16:27:22","date_gmt":"2025-11-24T15:27:22","guid":{"rendered":"https:\/\/stampcurio.com\/product\/1953-magyarorszag-sztalingrad-vagott-ivszeli-lux-mbk-225-eur-mi-1283-1284-vagott-ar-nincs\/"},"modified":"2026-01-05T15:14:35","modified_gmt":"2026-01-05T14:14:35","slug":"1953-magyarorszag-sztalingrad-vagott-ivszeli-postatiszta-sor-mi-1283-1284-phu-1343-1344-225-eur","status":"publish","type":"product","link":"https:\/\/stampcurio.com\/hu\/termek\/1953-magyarorszag-sztalingrad-vagott-ivszeli-postatiszta-sor-mi-1283-1284-phu-1343-1344-225-eur\/","title":{"rendered":"1953 Magyarorsz\u00e1g &#8211; Szt\u00e1lingr\u00e1d v\u00e1gott \u00edvsz\u00e9li postatiszta ** sor | Mi: 1283-1284 | PHu: 1343-1344 \/ 22,5 EUR"},"content":{"rendered":"","protected":false},"excerpt":{"rendered":"","protected":false},"featured_media":30610,"template":"","meta":[],"product_brand":[],"product_cat":[1172],"product_tag":[1669,116,1006],"class_list":{"0":"post-27125","1":"product","2":"type-product","3":"status-publish","4":"has-post-thumbnail","6":"product_cat-magyarorszag","7":"product_tag-3rd-auction","8":"product_tag-belyeg","9":"product_tag-unsold","11":"first","12":"instock","13":"sold-individually","14":"shipping-taxable","15":"purchasable","16":"product-type-simple"},"_links":{"self":[{"href":"https:\/\/stampcurio.com\/hu\/wp-json\/wp\/v2\/product\/27125","targetHints":{"allow":["GET"]}}],"collection":[{"href":"https:\/\/stampcurio.com\/hu\/wp-json\/wp\/v2\/product"}],"about":[{"href":"https:\/\/stampcurio.com\/hu\/wp-json\/wp\/v2\/types\/product"}],"wp:featuredmedia":[{"embeddable":true,"href":"https:\/\/stampcurio.com\/hu\/wp-json\/wp\/v2\/media\/30610"}],"wp:attachment":[{"href":"https:\/\/stampcurio.com\/hu\/wp-json\/wp\/v2\/media?parent=27125"}],"wp:term":[{"taxonomy":"product_brand","embeddable":true,"href":"https:\/\/stampcurio.com\/hu\/wp-json\/wp\/v2\/product_brand?post=27125"},{"taxonomy":"product_cat","embeddable":true,"href":"https:\/\/stampcurio.com\/hu\/wp-json\/wp\/v2\/product_cat?post=27125"},{"taxonomy":"product_tag","embeddable":true,"href":"https:\/\/stampcurio.com\/hu\/wp-json\/wp\/v2\/product_tag?post=27125"}],"curies":[{"name":"wp","href":"https:\/\/api.w.org\/{rel}","templated":true}]}}