{"id":27124,"date":"2025-11-24T16:27:22","date_gmt":"2025-11-24T15:27:22","guid":{"rendered":"https:\/\/stampcurio.com\/product\/1955-magyarorszag-disz-2-vagott-ivszeli-mbk-12-eur-michel-1424-nincs-vagott-ar\/"},"modified":"2026-01-05T15:14:35","modified_gmt":"2026-01-05T14:14:35","slug":"1955-magyarorszag-disz-vagott-belyeg-hatalmas-ivszellel-postatiszta-mi-1424-phu-1484-12-5-eur","status":"publish","type":"product","link":"https:\/\/stampcurio.com\/hu\/termek\/1955-magyarorszag-disz-vagott-belyeg-hatalmas-ivszellel-postatiszta-mi-1424-phu-1484-12-5-eur\/","title":{"rendered":"1955 Magyarorsz\u00e1g &#8211; DISZ v\u00e1gott b\u00e9lyeg hatalmas \u00edvsz\u00e9llel postatiszta ** Mi: 1424 | PHu: 1484 \/ 12.5 EUR"},"content":{"rendered":"","protected":false},"excerpt":{"rendered":"","protected":false},"featured_media":31068,"template":"","meta":[],"product_brand":[],"product_cat":[1172],"product_tag":[1669,116,1006],"class_list":{"0":"post-27124","1":"product","2":"type-product","3":"status-publish","4":"has-post-thumbnail","6":"product_cat-magyarorszag","7":"product_tag-3rd-auction","8":"product_tag-belyeg","9":"product_tag-unsold","11":"first","12":"instock","13":"sold-individually","14":"shipping-taxable","15":"purchasable","16":"product-type-simple"},"_links":{"self":[{"href":"https:\/\/stampcurio.com\/hu\/wp-json\/wp\/v2\/product\/27124","targetHints":{"allow":["GET"]}}],"collection":[{"href":"https:\/\/stampcurio.com\/hu\/wp-json\/wp\/v2\/product"}],"about":[{"href":"https:\/\/stampcurio.com\/hu\/wp-json\/wp\/v2\/types\/product"}],"wp:featuredmedia":[{"embeddable":true,"href":"https:\/\/stampcurio.com\/hu\/wp-json\/wp\/v2\/media\/31068"}],"wp:attachment":[{"href":"https:\/\/stampcurio.com\/hu\/wp-json\/wp\/v2\/media?parent=27124"}],"wp:term":[{"taxonomy":"product_brand","embeddable":true,"href":"https:\/\/stampcurio.com\/hu\/wp-json\/wp\/v2\/product_brand?post=27124"},{"taxonomy":"product_cat","embeddable":true,"href":"https:\/\/stampcurio.com\/hu\/wp-json\/wp\/v2\/product_cat?post=27124"},{"taxonomy":"product_tag","embeddable":true,"href":"https:\/\/stampcurio.com\/hu\/wp-json\/wp\/v2\/product_tag?post=27124"}],"curies":[{"name":"wp","href":"https:\/\/api.w.org\/{rel}","templated":true}]}}