{"id":27123,"date":"2025-11-24T16:27:22","date_gmt":"2025-11-24T15:27:22","guid":{"rendered":"https:\/\/stampcurio.com\/product\/1952-magyarorszag-beke-kongresszus-vagott-ivszeli-mbk-20-eur-michel-1279-1280-nincs-vagott-ar\/"},"modified":"2026-01-05T15:14:35","modified_gmt":"2026-01-05T14:14:35","slug":"1952-magyarorszag-beke-kongresszus-vagott-ivszeli-ivsarki-postatiszta-sor-mi-1279-1280-phu-1339-1340-20-eur","status":"publish","type":"product","link":"https:\/\/stampcurio.com\/hu\/termek\/1952-magyarorszag-beke-kongresszus-vagott-ivszeli-ivsarki-postatiszta-sor-mi-1279-1280-phu-1339-1340-20-eur\/","title":{"rendered":"1952 Magyarorsz\u00e1g &#8211; B\u00e9ke kongresszus v\u00e1gott \u00edvsz\u00e9li \/ \u00edvsarki postatiszta ** sor Mi: 1279-1280 | Phu: 1339-1340 \/ 20 EUR"},"content":{"rendered":"","protected":false},"excerpt":{"rendered":"","protected":false},"featured_media":31072,"template":"","meta":[],"product_brand":[],"product_cat":[1172],"product_tag":[1669,116,1006],"class_list":{"0":"post-27123","1":"product","2":"type-product","3":"status-publish","4":"has-post-thumbnail","6":"product_cat-magyarorszag","7":"product_tag-3rd-auction","8":"product_tag-belyeg","9":"product_tag-unsold","11":"first","12":"instock","13":"sold-individually","14":"shipping-taxable","15":"purchasable","16":"product-type-simple"},"_links":{"self":[{"href":"https:\/\/stampcurio.com\/hu\/wp-json\/wp\/v2\/product\/27123","targetHints":{"allow":["GET"]}}],"collection":[{"href":"https:\/\/stampcurio.com\/hu\/wp-json\/wp\/v2\/product"}],"about":[{"href":"https:\/\/stampcurio.com\/hu\/wp-json\/wp\/v2\/types\/product"}],"wp:featuredmedia":[{"embeddable":true,"href":"https:\/\/stampcurio.com\/hu\/wp-json\/wp\/v2\/media\/31072"}],"wp:attachment":[{"href":"https:\/\/stampcurio.com\/hu\/wp-json\/wp\/v2\/media?parent=27123"}],"wp:term":[{"taxonomy":"product_brand","embeddable":true,"href":"https:\/\/stampcurio.com\/hu\/wp-json\/wp\/v2\/product_brand?post=27123"},{"taxonomy":"product_cat","embeddable":true,"href":"https:\/\/stampcurio.com\/hu\/wp-json\/wp\/v2\/product_cat?post=27123"},{"taxonomy":"product_tag","embeddable":true,"href":"https:\/\/stampcurio.com\/hu\/wp-json\/wp\/v2\/product_tag?post=27123"}],"curies":[{"name":"wp","href":"https:\/\/api.w.org\/{rel}","templated":true}]}}