{"id":27122,"date":"2025-11-24T16:27:21","date_gmt":"2025-11-24T15:27:21","guid":{"rendered":"https:\/\/stampcurio.com\/product\/1954-magyarorszag-tudosok-vagott-ivsarki-luxus-sor-mbk-25-eur-michel-1398-1408-nincs-vagott-ar\/"},"modified":"2025-12-05T04:03:56","modified_gmt":"2025-12-05T03:03:56","slug":"1954-magyarorszag-tudosok-vagott-ivsarki-luxus-sor-michel-1398-1408-phu-1458-1468-25-eur","status":"publish","type":"product","link":"https:\/\/stampcurio.com\/hu\/termek\/1954-magyarorszag-tudosok-vagott-ivsarki-luxus-sor-michel-1398-1408-phu-1458-1468-25-eur\/","title":{"rendered":"1954 Magyarorsz\u00e1g &#8211; Tud\u00f3sok v\u00e1gott \u00edvsarki ** luxus sor | Michel: 1398-1408 | PHu: 1458-1468 \/ 25 EUR"},"content":{"rendered":"","protected":false},"excerpt":{"rendered":"","protected":false},"featured_media":32933,"template":"","meta":[],"product_brand":[],"product_cat":[1172],"product_tag":[1669,116],"class_list":{"0":"post-27122","1":"product","2":"type-product","3":"status-publish","4":"has-post-thumbnail","6":"product_cat-magyarorszag","7":"product_tag-3rd-auction","8":"product_tag-belyeg","10":"first","11":"outofstock","12":"sold-individually","13":"shipping-taxable","14":"purchasable","15":"product-type-simple"},"_links":{"self":[{"href":"https:\/\/stampcurio.com\/hu\/wp-json\/wp\/v2\/product\/27122","targetHints":{"allow":["GET"]}}],"collection":[{"href":"https:\/\/stampcurio.com\/hu\/wp-json\/wp\/v2\/product"}],"about":[{"href":"https:\/\/stampcurio.com\/hu\/wp-json\/wp\/v2\/types\/product"}],"wp:featuredmedia":[{"embeddable":true,"href":"https:\/\/stampcurio.com\/hu\/wp-json\/wp\/v2\/media\/32933"}],"wp:attachment":[{"href":"https:\/\/stampcurio.com\/hu\/wp-json\/wp\/v2\/media?parent=27122"}],"wp:term":[{"taxonomy":"product_brand","embeddable":true,"href":"https:\/\/stampcurio.com\/hu\/wp-json\/wp\/v2\/product_brand?post=27122"},{"taxonomy":"product_cat","embeddable":true,"href":"https:\/\/stampcurio.com\/hu\/wp-json\/wp\/v2\/product_cat?post=27122"},{"taxonomy":"product_tag","embeddable":true,"href":"https:\/\/stampcurio.com\/hu\/wp-json\/wp\/v2\/product_tag?post=27122"}],"curies":[{"name":"wp","href":"https:\/\/api.w.org\/{rel}","templated":true}]}}