{"id":27121,"date":"2025-11-24T16:27:21","date_gmt":"2025-11-24T15:27:21","guid":{"rendered":"https:\/\/stampcurio.com\/product\/1954-magyarorszag-lenin-vagott-sor-mbk-45-eur-ivsarki-sor-luxus-michel-1351-1353-nincs-vagott-ar\/"},"modified":"2026-01-05T15:14:36","modified_gmt":"2026-01-05T14:14:36","slug":"1954-magyarorszag-lenin-vagott-ivsarki-luxus-postatiszta-sor-michel-1351-1353-phu-1411-1413-55-eur","status":"publish","type":"product","link":"https:\/\/stampcurio.com\/hu\/termek\/1954-magyarorszag-lenin-vagott-ivsarki-luxus-postatiszta-sor-michel-1351-1353-phu-1411-1413-55-eur\/","title":{"rendered":"1954 Magyarorsz\u00e1g &#8211; Lenin v\u00e1gott \u00edvsarki luxus postatiszta ** sor | Michel: 1351-1353 | PHu: 1411-1413 \/ 55 EUR"},"content":{"rendered":"","protected":false},"excerpt":{"rendered":"","protected":false},"featured_media":32911,"template":"","meta":[],"product_brand":[],"product_cat":[1172],"product_tag":[1669,116,1006],"class_list":{"0":"post-27121","1":"product","2":"type-product","3":"status-publish","4":"has-post-thumbnail","6":"product_cat-magyarorszag","7":"product_tag-3rd-auction","8":"product_tag-belyeg","9":"product_tag-unsold","11":"first","12":"instock","13":"sold-individually","14":"shipping-taxable","15":"purchasable","16":"product-type-simple"},"_links":{"self":[{"href":"https:\/\/stampcurio.com\/hu\/wp-json\/wp\/v2\/product\/27121","targetHints":{"allow":["GET"]}}],"collection":[{"href":"https:\/\/stampcurio.com\/hu\/wp-json\/wp\/v2\/product"}],"about":[{"href":"https:\/\/stampcurio.com\/hu\/wp-json\/wp\/v2\/types\/product"}],"wp:featuredmedia":[{"embeddable":true,"href":"https:\/\/stampcurio.com\/hu\/wp-json\/wp\/v2\/media\/32911"}],"wp:attachment":[{"href":"https:\/\/stampcurio.com\/hu\/wp-json\/wp\/v2\/media?parent=27121"}],"wp:term":[{"taxonomy":"product_brand","embeddable":true,"href":"https:\/\/stampcurio.com\/hu\/wp-json\/wp\/v2\/product_brand?post=27121"},{"taxonomy":"product_cat","embeddable":true,"href":"https:\/\/stampcurio.com\/hu\/wp-json\/wp\/v2\/product_cat?post=27121"},{"taxonomy":"product_tag","embeddable":true,"href":"https:\/\/stampcurio.com\/hu\/wp-json\/wp\/v2\/product_tag?post=27121"}],"curies":[{"name":"wp","href":"https:\/\/api.w.org\/{rel}","templated":true}]}}