{"id":27118,"date":"2025-11-24T16:27:20","date_gmt":"2025-11-24T15:27:20","guid":{"rendered":"https:\/\/stampcurio.com\/product\/1919-magyarorszag-tanacskoztarsasag-engels-15-filler-rampacher-essze-bakos-ferenc-szigno\/"},"modified":"2025-12-05T04:03:57","modified_gmt":"2025-12-05T03:03:57","slug":"1919-magyarorszag-tanacskoztarsasag-engels-15-filler-a-varadi-fele-100-peldanyban-keszult-belyegterv-bakos-ferenc-altal-szignojaval","status":"publish","type":"product","link":"https:\/\/stampcurio.com\/hu\/termek\/1919-magyarorszag-tanacskoztarsasag-engels-15-filler-a-varadi-fele-100-peldanyban-keszult-belyegterv-bakos-ferenc-altal-szignojaval\/","title":{"rendered":"1919 Magyarorsz\u00e1g &#8211; Tan\u00e1csk\u00f6zt\u00e1rsas\u00e1g Engels 15 fill\u00e9r \u2013 a V\u00e1radi f\u00e9le 100 p\u00e9ld\u00e1nyban k\u00e9sz\u00fclt b\u00e9lyegterv, Bakos Ferenc \u00e1ltal szign\u00f3j\u00e1val"},"content":{"rendered":"","protected":false},"excerpt":{"rendered":"","protected":false},"featured_media":29419,"template":"","meta":[],"product_brand":[],"product_cat":[1172],"product_tag":[1669,116,1377],"class_list":{"0":"post-27118","1":"product","2":"type-product","3":"status-publish","4":"has-post-thumbnail","6":"product_cat-magyarorszag","7":"product_tag-3rd-auction","8":"product_tag-belyeg","9":"product_tag-belyegterv","11":"first","12":"outofstock","13":"sold-individually","14":"shipping-taxable","15":"purchasable","16":"product-type-simple"},"_links":{"self":[{"href":"https:\/\/stampcurio.com\/hu\/wp-json\/wp\/v2\/product\/27118","targetHints":{"allow":["GET"]}}],"collection":[{"href":"https:\/\/stampcurio.com\/hu\/wp-json\/wp\/v2\/product"}],"about":[{"href":"https:\/\/stampcurio.com\/hu\/wp-json\/wp\/v2\/types\/product"}],"wp:featuredmedia":[{"embeddable":true,"href":"https:\/\/stampcurio.com\/hu\/wp-json\/wp\/v2\/media\/29419"}],"wp:attachment":[{"href":"https:\/\/stampcurio.com\/hu\/wp-json\/wp\/v2\/media?parent=27118"}],"wp:term":[{"taxonomy":"product_brand","embeddable":true,"href":"https:\/\/stampcurio.com\/hu\/wp-json\/wp\/v2\/product_brand?post=27118"},{"taxonomy":"product_cat","embeddable":true,"href":"https:\/\/stampcurio.com\/hu\/wp-json\/wp\/v2\/product_cat?post=27118"},{"taxonomy":"product_tag","embeddable":true,"href":"https:\/\/stampcurio.com\/hu\/wp-json\/wp\/v2\/product_tag?post=27118"}],"curies":[{"name":"wp","href":"https:\/\/api.w.org\/{rel}","templated":true}]}}