{"id":27116,"date":"2025-11-24T16:27:19","date_gmt":"2025-11-24T15:27:19","guid":{"rendered":"https:\/\/stampcurio.com\/product\/1854-romania-bukarestrol-kolnbe-kuldott-hivatalos-level\/"},"modified":"2025-12-05T04:03:57","modified_gmt":"2025-12-05T03:03:57","slug":"1854-ausztria-romania-dunai-fejedelemsegek-megszallasa-hivatalos-katonai-level-bukarestrol-lombard-velencebe-kuldve-k-k-feldpostamt-nr-1-belyegzessel","status":"publish","type":"product","link":"https:\/\/stampcurio.com\/hu\/termek\/1854-ausztria-romania-dunai-fejedelemsegek-megszallasa-hivatalos-katonai-level-bukarestrol-lombard-velencebe-kuldve-k-k-feldpostamt-nr-1-belyegzessel\/","title":{"rendered":"1854 Ausztria &#8211; Rom\u00e1nia &#8211; Dunai fejedelems\u00e9gek megsz\u00e1ll\u00e1sa, hivatalos katonai lev\u00e9l Bukarestr\u0151l Lombard-Velenc\u00e9be k\u00fcldve K.K. FELDPOSTAMT Nr. 1. b\u00e9lyegz\u00e9ssel"},"content":{"rendered":"","protected":false},"excerpt":{"rendered":"","protected":false},"featured_media":34349,"template":"","meta":[],"product_brand":[],"product_cat":[1178,1208],"product_tag":[1669,89,208],"class_list":{"0":"post-27116","1":"product","2":"type-product","3":"status-publish","4":"has-post-thumbnail","6":"product_cat-ausztria","7":"product_cat-romania","8":"product_tag-3rd-auction","9":"product_tag-postatortenet","10":"product_tag-tabori-posta","12":"first","13":"outofstock","14":"sold-individually","15":"shipping-taxable","16":"purchasable","17":"product-type-simple"},"_links":{"self":[{"href":"https:\/\/stampcurio.com\/hu\/wp-json\/wp\/v2\/product\/27116","targetHints":{"allow":["GET"]}}],"collection":[{"href":"https:\/\/stampcurio.com\/hu\/wp-json\/wp\/v2\/product"}],"about":[{"href":"https:\/\/stampcurio.com\/hu\/wp-json\/wp\/v2\/types\/product"}],"wp:featuredmedia":[{"embeddable":true,"href":"https:\/\/stampcurio.com\/hu\/wp-json\/wp\/v2\/media\/34349"}],"wp:attachment":[{"href":"https:\/\/stampcurio.com\/hu\/wp-json\/wp\/v2\/media?parent=27116"}],"wp:term":[{"taxonomy":"product_brand","embeddable":true,"href":"https:\/\/stampcurio.com\/hu\/wp-json\/wp\/v2\/product_brand?post=27116"},{"taxonomy":"product_cat","embeddable":true,"href":"https:\/\/stampcurio.com\/hu\/wp-json\/wp\/v2\/product_cat?post=27116"},{"taxonomy":"product_tag","embeddable":true,"href":"https:\/\/stampcurio.com\/hu\/wp-json\/wp\/v2\/product_tag?post=27116"}],"curies":[{"name":"wp","href":"https:\/\/api.w.org\/{rel}","templated":true}]}}