{"id":27114,"date":"2025-11-24T16:27:18","date_gmt":"2025-11-24T15:27:18","guid":{"rendered":"https:\/\/stampcurio.com\/product\/1912-magyarorszag-dijjegyes-levelezolap-dijkiegeszitve-kelet-afrikaba-majd-eritreaba-kuldve\/"},"modified":"2025-12-05T04:03:58","modified_gmt":"2025-12-05T03:03:58","slug":"1912-magyarorszag-dijjegyes-levelezolap-dijkiegeszitve-trencsenrol-eritreaba-kuldve-rendkivul-ritka-destinacio","status":"publish","type":"product","link":"https:\/\/stampcurio.com\/hu\/termek\/1912-magyarorszag-dijjegyes-levelezolap-dijkiegeszitve-trencsenrol-eritreaba-kuldve-rendkivul-ritka-destinacio\/","title":{"rendered":"1912 Magyarorsz\u00e1g &#8211; d\u00edjjegyes levelez\u0151lap d\u00edjkieg\u00e9sz\u00edtve Trencs\u00e9nr\u0151l Eritre\u00e1ba k\u00fcldve &#8211; rendk\u00edv\u00fcl ritka destin\u00e1ci\u00f3"},"content":{"rendered":"","protected":false},"excerpt":{"rendered":"","protected":false},"featured_media":28889,"template":"","meta":[],"product_brand":[],"product_cat":[1182,1172,1189],"product_tag":[1669,74,1041,89],"class_list":{"0":"post-27114","1":"product","2":"type-product","3":"status-publish","4":"has-post-thumbnail","6":"product_cat-eritrea","7":"product_cat-magyarorszag","8":"product_cat-szlovakia","9":"product_tag-3rd-auction","10":"product_tag-dijjegyes","11":"product_tag-marcophily-hu","12":"product_tag-postatortenet","14":"first","15":"outofstock","16":"sold-individually","17":"shipping-taxable","18":"purchasable","19":"product-type-simple"},"_links":{"self":[{"href":"https:\/\/stampcurio.com\/hu\/wp-json\/wp\/v2\/product\/27114","targetHints":{"allow":["GET"]}}],"collection":[{"href":"https:\/\/stampcurio.com\/hu\/wp-json\/wp\/v2\/product"}],"about":[{"href":"https:\/\/stampcurio.com\/hu\/wp-json\/wp\/v2\/types\/product"}],"wp:featuredmedia":[{"embeddable":true,"href":"https:\/\/stampcurio.com\/hu\/wp-json\/wp\/v2\/media\/28889"}],"wp:attachment":[{"href":"https:\/\/stampcurio.com\/hu\/wp-json\/wp\/v2\/media?parent=27114"}],"wp:term":[{"taxonomy":"product_brand","embeddable":true,"href":"https:\/\/stampcurio.com\/hu\/wp-json\/wp\/v2\/product_brand?post=27114"},{"taxonomy":"product_cat","embeddable":true,"href":"https:\/\/stampcurio.com\/hu\/wp-json\/wp\/v2\/product_cat?post=27114"},{"taxonomy":"product_tag","embeddable":true,"href":"https:\/\/stampcurio.com\/hu\/wp-json\/wp\/v2\/product_tag?post=27114"}],"curies":[{"name":"wp","href":"https:\/\/api.w.org\/{rel}","templated":true}]}}