{"id":27113,"date":"2025-11-24T16:27:18","date_gmt":"2025-11-24T15:27:18","guid":{"rendered":"https:\/\/stampcurio.com\/product\/1941-szlovenia-coci-felulnyomasu-belyegek-olasz-megszallas-postautalvanyon\/"},"modified":"2026-01-09T11:44:27","modified_gmt":"2026-01-09T10:44:27","slug":"1941-szlovenia-co-ci-felulnyomasu-belyegek-postautalvanyon","status":"publish","type":"product","link":"https:\/\/stampcurio.com\/hu\/termek\/1941-szlovenia-co-ci-felulnyomasu-belyegek-postautalvanyon\/","title":{"rendered":"1941 Szlov\u00e9nia &#8211; CO.CI. fel\u00fclnyom\u00e1s\u00fa b\u00e9lyegek postautalv\u00e1nyon"},"content":{"rendered":"","protected":false},"excerpt":{"rendered":"","protected":false},"featured_media":34362,"template":"","meta":[],"product_brand":[],"product_cat":[1183,1236],"product_tag":[1669,116,74,1332,89],"class_list":{"0":"post-27113","1":"product","2":"type-product","3":"status-publish","4":"has-post-thumbnail","6":"product_cat-olaszorszag","7":"product_cat-szlovenia","8":"product_tag-3rd-auction","9":"product_tag-belyeg","10":"product_tag-dijjegyes","11":"product_tag-helyi-kiadas","12":"product_tag-postatortenet","14":"first","15":"outofstock","16":"sold-individually","17":"shipping-taxable","18":"purchasable","19":"product-type-simple"},"_links":{"self":[{"href":"https:\/\/stampcurio.com\/hu\/wp-json\/wp\/v2\/product\/27113","targetHints":{"allow":["GET"]}}],"collection":[{"href":"https:\/\/stampcurio.com\/hu\/wp-json\/wp\/v2\/product"}],"about":[{"href":"https:\/\/stampcurio.com\/hu\/wp-json\/wp\/v2\/types\/product"}],"wp:featuredmedia":[{"embeddable":true,"href":"https:\/\/stampcurio.com\/hu\/wp-json\/wp\/v2\/media\/34362"}],"wp:attachment":[{"href":"https:\/\/stampcurio.com\/hu\/wp-json\/wp\/v2\/media?parent=27113"}],"wp:term":[{"taxonomy":"product_brand","embeddable":true,"href":"https:\/\/stampcurio.com\/hu\/wp-json\/wp\/v2\/product_brand?post=27113"},{"taxonomy":"product_cat","embeddable":true,"href":"https:\/\/stampcurio.com\/hu\/wp-json\/wp\/v2\/product_cat?post=27113"},{"taxonomy":"product_tag","embeddable":true,"href":"https:\/\/stampcurio.com\/hu\/wp-json\/wp\/v2\/product_tag?post=27113"}],"curies":[{"name":"wp","href":"https:\/\/api.w.org\/{rel}","templated":true}]}}