{"id":27112,"date":"2025-11-24T16:27:17","date_gmt":"2025-11-24T15:27:17","guid":{"rendered":"https:\/\/stampcurio.com\/product\/1927-romania-korai-legiposta-boritek-nurnbergbe-kuldve-1926-romania-ajanlott-belfoldi-legiposta-level-chisnau-bukarest-sc-25-1788\/"},"modified":"2025-12-05T04:03:59","modified_gmt":"2025-12-05T03:03:59","slug":"1926-1927-romania-ket-korai-legiposta-boritek-az-egyik-ajanlott-belfoldi-a-masik-nemetorszagba-kuldve","status":"publish","type":"product","link":"https:\/\/stampcurio.com\/hu\/termek\/1926-1927-romania-ket-korai-legiposta-boritek-az-egyik-ajanlott-belfoldi-a-masik-nemetorszagba-kuldve\/","title":{"rendered":"1926 &#8211; 1927 Rom\u00e1nia &#8211; k\u00e9t korai l\u00e9giposta bor\u00edt\u00e9k: az egyik aj\u00e1nlott belf\u00f6ldi, a m\u00e1sik N\u00e9metorsz\u00e1gba k\u00fcldve"},"content":{"rendered":"","protected":false},"excerpt":{"rendered":"","protected":false},"featured_media":34745,"template":"","meta":[],"product_brand":[],"product_cat":[1208],"product_tag":[1669,115,1041,89],"class_list":{"0":"post-27112","1":"product","2":"type-product","3":"status-publish","4":"has-post-thumbnail","6":"product_cat-romania","7":"product_tag-3rd-auction","8":"product_tag-legiposta","9":"product_tag-marcophily-hu","10":"product_tag-postatortenet","12":"first","13":"outofstock","14":"sold-individually","15":"shipping-taxable","16":"purchasable","17":"product-type-simple"},"_links":{"self":[{"href":"https:\/\/stampcurio.com\/hu\/wp-json\/wp\/v2\/product\/27112","targetHints":{"allow":["GET"]}}],"collection":[{"href":"https:\/\/stampcurio.com\/hu\/wp-json\/wp\/v2\/product"}],"about":[{"href":"https:\/\/stampcurio.com\/hu\/wp-json\/wp\/v2\/types\/product"}],"wp:featuredmedia":[{"embeddable":true,"href":"https:\/\/stampcurio.com\/hu\/wp-json\/wp\/v2\/media\/34745"}],"wp:attachment":[{"href":"https:\/\/stampcurio.com\/hu\/wp-json\/wp\/v2\/media?parent=27112"}],"wp:term":[{"taxonomy":"product_brand","embeddable":true,"href":"https:\/\/stampcurio.com\/hu\/wp-json\/wp\/v2\/product_brand?post=27112"},{"taxonomy":"product_cat","embeddable":true,"href":"https:\/\/stampcurio.com\/hu\/wp-json\/wp\/v2\/product_cat?post=27112"},{"taxonomy":"product_tag","embeddable":true,"href":"https:\/\/stampcurio.com\/hu\/wp-json\/wp\/v2\/product_tag?post=27112"}],"curies":[{"name":"wp","href":"https:\/\/api.w.org\/{rel}","templated":true}]}}