{"id":27110,"date":"2025-11-24T16:27:16","date_gmt":"2025-11-24T15:27:16","guid":{"rendered":"https:\/\/stampcurio.com\/product\/1956-magyarorszag-dijjegyes-boritek-teljes-levellel\/"},"modified":"2025-12-05T04:04:00","modified_gmt":"2025-12-05T03:04:00","slug":"1956-magyarorszag-decemberi-teljes-level-teleky-vamossy-arpad-festomuvesznek-mely-szovegeben-a-szabadsagharc-esemenyeirol-is-mesel","status":"publish","type":"product","link":"https:\/\/stampcurio.com\/hu\/termek\/1956-magyarorszag-decemberi-teljes-level-teleky-vamossy-arpad-festomuvesznek-mely-szovegeben-a-szabadsagharc-esemenyeirol-is-mesel\/","title":{"rendered":"1956 Magyarorsz\u00e1g &#8211; decemberi teljes lev\u00e9l Teleky V\u00e1mossy \u00c1rp\u00e1d fest\u0151m\u0171v\u00e9sznek, mely sz\u00f6veg\u00e9ben a szabads\u00e1gharc esem\u00e9nyeir\u0151l is mes\u00e9l"},"content":{"rendered":"","protected":false},"excerpt":{"rendered":"","protected":false},"featured_media":34355,"template":"","meta":[],"product_brand":[],"product_cat":[1172],"product_tag":[1743,1669,89],"class_list":{"0":"post-27110","1":"product","2":"type-product","3":"status-publish","4":"has-post-thumbnail","6":"product_cat-magyarorszag","7":"product_tag-1743","8":"product_tag-3rd-auction","9":"product_tag-postatortenet","11":"first","12":"outofstock","13":"sold-individually","14":"shipping-taxable","15":"purchasable","16":"product-type-simple"},"_links":{"self":[{"href":"https:\/\/stampcurio.com\/hu\/wp-json\/wp\/v2\/product\/27110","targetHints":{"allow":["GET"]}}],"collection":[{"href":"https:\/\/stampcurio.com\/hu\/wp-json\/wp\/v2\/product"}],"about":[{"href":"https:\/\/stampcurio.com\/hu\/wp-json\/wp\/v2\/types\/product"}],"wp:featuredmedia":[{"embeddable":true,"href":"https:\/\/stampcurio.com\/hu\/wp-json\/wp\/v2\/media\/34355"}],"wp:attachment":[{"href":"https:\/\/stampcurio.com\/hu\/wp-json\/wp\/v2\/media?parent=27110"}],"wp:term":[{"taxonomy":"product_brand","embeddable":true,"href":"https:\/\/stampcurio.com\/hu\/wp-json\/wp\/v2\/product_brand?post=27110"},{"taxonomy":"product_cat","embeddable":true,"href":"https:\/\/stampcurio.com\/hu\/wp-json\/wp\/v2\/product_cat?post=27110"},{"taxonomy":"product_tag","embeddable":true,"href":"https:\/\/stampcurio.com\/hu\/wp-json\/wp\/v2\/product_tag?post=27110"}],"curies":[{"name":"wp","href":"https:\/\/api.w.org\/{rel}","templated":true}]}}