{"id":27109,"date":"2025-11-24T16:27:16","date_gmt":"2025-11-24T15:27:16","guid":{"rendered":"https:\/\/stampcurio.com\/product\/1866-franciaorszag-pestre-kuldott-boritek-apres-le-depart-20c-potdijjal\/"},"modified":"2025-12-05T04:04:00","modified_gmt":"2025-12-05T03:04:00","slug":"1866-franciaorszag-magyarorszagra-kuldott-boritek-apres-le-depart-posta-indulas-utan-belyegzessel-jobb-destinacio","status":"publish","type":"product","link":"https:\/\/stampcurio.com\/hu\/termek\/1866-franciaorszag-magyarorszagra-kuldott-boritek-apres-le-depart-posta-indulas-utan-belyegzessel-jobb-destinacio\/","title":{"rendered":"1866 Franciaorsz\u00e1g &#8211; Magyarorsz\u00e1gra k\u00fcld\u00f6tt bor\u00edt\u00e9k \u201eapres le depart\u201d (posta indul\u00e1s ut\u00e1n) b\u00e9lyegz\u00e9ssel &#8211; jobb destin\u00e1ci\u00f3"},"content":{"rendered":"","protected":false},"excerpt":{"rendered":"","protected":false},"featured_media":28049,"template":"","meta":[],"product_brand":[],"product_cat":[1181,1172],"product_tag":[1669,116,1041,89],"class_list":{"0":"post-27109","1":"product","2":"type-product","3":"status-publish","4":"has-post-thumbnail","6":"product_cat-franciaorszag","7":"product_cat-magyarorszag","8":"product_tag-3rd-auction","9":"product_tag-belyeg","10":"product_tag-marcophily-hu","11":"product_tag-postatortenet","13":"first","14":"outofstock","15":"sold-individually","16":"shipping-taxable","17":"purchasable","18":"product-type-simple"},"_links":{"self":[{"href":"https:\/\/stampcurio.com\/hu\/wp-json\/wp\/v2\/product\/27109","targetHints":{"allow":["GET"]}}],"collection":[{"href":"https:\/\/stampcurio.com\/hu\/wp-json\/wp\/v2\/product"}],"about":[{"href":"https:\/\/stampcurio.com\/hu\/wp-json\/wp\/v2\/types\/product"}],"wp:featuredmedia":[{"embeddable":true,"href":"https:\/\/stampcurio.com\/hu\/wp-json\/wp\/v2\/media\/28049"}],"wp:attachment":[{"href":"https:\/\/stampcurio.com\/hu\/wp-json\/wp\/v2\/media?parent=27109"}],"wp:term":[{"taxonomy":"product_brand","embeddable":true,"href":"https:\/\/stampcurio.com\/hu\/wp-json\/wp\/v2\/product_brand?post=27109"},{"taxonomy":"product_cat","embeddable":true,"href":"https:\/\/stampcurio.com\/hu\/wp-json\/wp\/v2\/product_cat?post=27109"},{"taxonomy":"product_tag","embeddable":true,"href":"https:\/\/stampcurio.com\/hu\/wp-json\/wp\/v2\/product_tag?post=27109"}],"curies":[{"name":"wp","href":"https:\/\/api.w.org\/{rel}","templated":true}]}}