{"id":27108,"date":"2025-11-24T16:27:16","date_gmt":"2025-11-24T15:27:16","guid":{"rendered":"https:\/\/stampcurio.com\/product\/1869-franciaorszag-magyarorszagra-kuldott-teljes-level-egy-porcelanmanufakturabol-napoleon-iii-laure-belyegekkel\/"},"modified":"2025-12-05T04:03:59","modified_gmt":"2025-12-05T03:03:59","slug":"1869-franciaorszag-egy-porcelanmanufakturabol-magyarorszagra-kuldott-teljes-level-napoleon-belyegekkel-jobb-destinacio","status":"publish","type":"product","link":"https:\/\/stampcurio.com\/hu\/termek\/1869-franciaorszag-egy-porcelanmanufakturabol-magyarorszagra-kuldott-teljes-level-napoleon-belyegekkel-jobb-destinacio\/","title":{"rendered":"1869 Franciaorsz\u00e1g &#8211; egy porcel\u00e1nmanufakt\u00far\u00e1b\u00f3l Magyarorsz\u00e1gra k\u00fcld\u00f6tt teljes lev\u00e9l, Nap\u00f3leon b\u00e9lyegekkel &#8211; jobb destin\u00e1ci\u00f3"},"content":{"rendered":"","protected":false},"excerpt":{"rendered":"","protected":false},"featured_media":28039,"template":"","meta":[],"product_brand":[],"product_cat":[1181,1172],"product_tag":[1669,116,1041,89],"class_list":{"0":"post-27108","1":"product","2":"type-product","3":"status-publish","4":"has-post-thumbnail","6":"product_cat-franciaorszag","7":"product_cat-magyarorszag","8":"product_tag-3rd-auction","9":"product_tag-belyeg","10":"product_tag-marcophily-hu","11":"product_tag-postatortenet","13":"first","14":"outofstock","15":"sold-individually","16":"shipping-taxable","17":"purchasable","18":"product-type-simple"},"_links":{"self":[{"href":"https:\/\/stampcurio.com\/hu\/wp-json\/wp\/v2\/product\/27108","targetHints":{"allow":["GET"]}}],"collection":[{"href":"https:\/\/stampcurio.com\/hu\/wp-json\/wp\/v2\/product"}],"about":[{"href":"https:\/\/stampcurio.com\/hu\/wp-json\/wp\/v2\/types\/product"}],"wp:featuredmedia":[{"embeddable":true,"href":"https:\/\/stampcurio.com\/hu\/wp-json\/wp\/v2\/media\/28039"}],"wp:attachment":[{"href":"https:\/\/stampcurio.com\/hu\/wp-json\/wp\/v2\/media?parent=27108"}],"wp:term":[{"taxonomy":"product_brand","embeddable":true,"href":"https:\/\/stampcurio.com\/hu\/wp-json\/wp\/v2\/product_brand?post=27108"},{"taxonomy":"product_cat","embeddable":true,"href":"https:\/\/stampcurio.com\/hu\/wp-json\/wp\/v2\/product_cat?post=27108"},{"taxonomy":"product_tag","embeddable":true,"href":"https:\/\/stampcurio.com\/hu\/wp-json\/wp\/v2\/product_tag?post=27108"}],"curies":[{"name":"wp","href":"https:\/\/api.w.org\/{rel}","templated":true}]}}