{"id":27107,"date":"2025-11-24T16:27:15","date_gmt":"2025-11-24T15:27:15","guid":{"rendered":"https:\/\/stampcurio.com\/product\/1857-franciaorszag-algeriabol-marseillebe-kuldott-level-napoleon-vagott-20c-szep-szinekkel\/"},"modified":"2026-01-05T15:14:37","modified_gmt":"2026-01-05T14:14:37","slug":"1857-franciaorszag-algeriabol-marseillebe-kuldott-level-napoleon-vagott-20c-szep-szelek-bermentesitessel","status":"publish","type":"product","link":"https:\/\/stampcurio.com\/hu\/termek\/1857-franciaorszag-algeriabol-marseillebe-kuldott-level-napoleon-vagott-20c-szep-szelek-bermentesitessel\/","title":{"rendered":"1857 Franciaorsz\u00e1g &#8211; Alg\u00e9ri\u00e1b\u00f3l Marseillebe k\u00fcld\u00f6tt lev\u00e9l Napoleon v\u00e1gott 20c (sz\u00e9p sz\u00e9lek) b\u00e9rmentes\u00edt\u00e9ssel"},"content":{"rendered":"","protected":false},"excerpt":{"rendered":"","protected":false},"featured_media":28057,"template":"","meta":[],"product_brand":[],"product_cat":[1263,1181],"product_tag":[1669,116,89,1006],"class_list":{"0":"post-27107","1":"product","2":"type-product","3":"status-publish","4":"has-post-thumbnail","6":"product_cat-algeria","7":"product_cat-franciaorszag","8":"product_tag-3rd-auction","9":"product_tag-belyeg","10":"product_tag-postatortenet","11":"product_tag-unsold","13":"first","14":"instock","15":"sold-individually","16":"shipping-taxable","17":"purchasable","18":"product-type-simple"},"_links":{"self":[{"href":"https:\/\/stampcurio.com\/hu\/wp-json\/wp\/v2\/product\/27107","targetHints":{"allow":["GET"]}}],"collection":[{"href":"https:\/\/stampcurio.com\/hu\/wp-json\/wp\/v2\/product"}],"about":[{"href":"https:\/\/stampcurio.com\/hu\/wp-json\/wp\/v2\/types\/product"}],"wp:featuredmedia":[{"embeddable":true,"href":"https:\/\/stampcurio.com\/hu\/wp-json\/wp\/v2\/media\/28057"}],"wp:attachment":[{"href":"https:\/\/stampcurio.com\/hu\/wp-json\/wp\/v2\/media?parent=27107"}],"wp:term":[{"taxonomy":"product_brand","embeddable":true,"href":"https:\/\/stampcurio.com\/hu\/wp-json\/wp\/v2\/product_brand?post=27107"},{"taxonomy":"product_cat","embeddable":true,"href":"https:\/\/stampcurio.com\/hu\/wp-json\/wp\/v2\/product_cat?post=27107"},{"taxonomy":"product_tag","embeddable":true,"href":"https:\/\/stampcurio.com\/hu\/wp-json\/wp\/v2\/product_tag?post=27107"}],"curies":[{"name":"wp","href":"https:\/\/api.w.org\/{rel}","templated":true}]}}