{"id":27105,"date":"2025-11-24T16:27:15","date_gmt":"2025-11-24T15:27:15","guid":{"rendered":"https:\/\/stampcurio.com\/product\/1901-1904-franciaorszag-konstantinapoly-levante-magyarorszagra-kuldott-ket-kuldemeny-eltero-belyegzesekkel-konstantinapoly-galata-es-konstantinapoly-pera\/"},"modified":"2025-12-05T04:04:00","modified_gmt":"2025-12-05T03:04:00","slug":"1901-1904-franciaorszag-konstantinapoly-levante-magyarorszagra-kuldott-ket-kuldemeny-eltero-belyegzesekkel-konstantinapoly-galata-es-konstantinapoly-pera","status":"publish","type":"product","link":"https:\/\/stampcurio.com\/hu\/termek\/1901-1904-franciaorszag-konstantinapoly-levante-magyarorszagra-kuldott-ket-kuldemeny-eltero-belyegzesekkel-konstantinapoly-galata-es-konstantinapoly-pera\/","title":{"rendered":"1901\/1904 Franciaorsz\u00e1g &#8211; Konstantin\u00e1poly \/ Levante Magyarorsz\u00e1gra k\u00fcld\u00f6tt k\u00e9t k\u00fcldem\u00e9ny elt\u00e9r\u0151 b\u00e9lyegz\u00e9sekkel &#8211; Konstantin\u00e1poly Galata \u00e9s Konstantin\u00e1poly Pera"},"content":{"rendered":"","protected":false},"excerpt":{"rendered":"","protected":false},"featured_media":28509,"template":"","meta":[],"product_brand":[],"product_cat":[1181,1172,1208,1188],"product_tag":[1669,97,127,89],"class_list":{"0":"post-27105","1":"product","2":"type-product","3":"status-publish","4":"has-post-thumbnail","6":"product_cat-franciaorszag","7":"product_cat-magyarorszag","8":"product_cat-romania","9":"product_cat-torokorszag","10":"product_tag-3rd-auction","11":"product_tag-kepeslap","12":"product_tag-konzulatusi-posta","13":"product_tag-postatortenet","15":"first","16":"outofstock","17":"sold-individually","18":"shipping-taxable","19":"purchasable","20":"product-type-simple"},"_links":{"self":[{"href":"https:\/\/stampcurio.com\/hu\/wp-json\/wp\/v2\/product\/27105","targetHints":{"allow":["GET"]}}],"collection":[{"href":"https:\/\/stampcurio.com\/hu\/wp-json\/wp\/v2\/product"}],"about":[{"href":"https:\/\/stampcurio.com\/hu\/wp-json\/wp\/v2\/types\/product"}],"wp:featuredmedia":[{"embeddable":true,"href":"https:\/\/stampcurio.com\/hu\/wp-json\/wp\/v2\/media\/28509"}],"wp:attachment":[{"href":"https:\/\/stampcurio.com\/hu\/wp-json\/wp\/v2\/media?parent=27105"}],"wp:term":[{"taxonomy":"product_brand","embeddable":true,"href":"https:\/\/stampcurio.com\/hu\/wp-json\/wp\/v2\/product_brand?post=27105"},{"taxonomy":"product_cat","embeddable":true,"href":"https:\/\/stampcurio.com\/hu\/wp-json\/wp\/v2\/product_cat?post=27105"},{"taxonomy":"product_tag","embeddable":true,"href":"https:\/\/stampcurio.com\/hu\/wp-json\/wp\/v2\/product_tag?post=27105"}],"curies":[{"name":"wp","href":"https:\/\/api.w.org\/{rel}","templated":true}]}}