{"id":27104,"date":"2025-11-24T16:27:14","date_gmt":"2025-11-24T15:27:14","guid":{"rendered":"https:\/\/stampcurio.com\/product\/1830-korul-ausztria-beodra-pest-3-db-level-mind-a-harom-eltero-portozassal-20-4-24-18-30-4\/"},"modified":"2026-01-05T15:14:37","modified_gmt":"2026-01-05T14:14:37","slug":"cca-1830-ausztria-magyarorszag-beodrarol-pestre-kuldott-azonos-levelezesbol-szarmazo-beodrai-karacsonyi-csalad-harom-tertivevenyes-boritek-mind-a-harom-eltero-portozassal-20kr-4-kr-24-kr","status":"publish","type":"product","link":"https:\/\/stampcurio.com\/hu\/termek\/cca-1830-ausztria-magyarorszag-beodrarol-pestre-kuldott-azonos-levelezesbol-szarmazo-beodrai-karacsonyi-csalad-harom-tertivevenyes-boritek-mind-a-harom-eltero-portozassal-20kr-4-kr-24-kr\/","title":{"rendered":"cca. 1830 Ausztria &#8211; Magyarorsz\u00e1g &#8211; Beodr\u00e1r\u00f3l Pestre k\u00fcld\u00f6tt azonos levelez\u00e9sb\u0151l sz\u00e1rmaz\u00f3 (Beodrai Kar\u00e1csonyi csal\u00e1d) h\u00e1rom t\u00e9rtivev\u00e9nyes bor\u00edt\u00e9k, mind a h\u00e1rom elt\u00e9r\u0151 port\u00f3z\u00e1ssal: 20kr \/ 4 kr, 24 kr \/ 18 kr, 30 kr \/ 4 kr"},"content":{"rendered":"","protected":false},"excerpt":{"rendered":"","protected":false},"featured_media":28497,"template":"","meta":[],"product_brand":[],"product_cat":[1178,1172,1245],"product_tag":[1669,1041,108,89,1006,1305],"class_list":{"0":"post-27104","1":"product","2":"type-product","3":"status-publish","4":"has-post-thumbnail","6":"product_cat-ausztria","7":"product_cat-magyarorszag","8":"product_cat-szerbia","9":"product_tag-3rd-auction","10":"product_tag-marcophily-hu","11":"product_tag-porto","12":"product_tag-postatortenet","13":"product_tag-unsold","14":"product_tag-vorphila","16":"first","17":"instock","18":"sold-individually","19":"shipping-taxable","20":"purchasable","21":"product-type-simple"},"_links":{"self":[{"href":"https:\/\/stampcurio.com\/hu\/wp-json\/wp\/v2\/product\/27104","targetHints":{"allow":["GET"]}}],"collection":[{"href":"https:\/\/stampcurio.com\/hu\/wp-json\/wp\/v2\/product"}],"about":[{"href":"https:\/\/stampcurio.com\/hu\/wp-json\/wp\/v2\/types\/product"}],"wp:featuredmedia":[{"embeddable":true,"href":"https:\/\/stampcurio.com\/hu\/wp-json\/wp\/v2\/media\/28497"}],"wp:attachment":[{"href":"https:\/\/stampcurio.com\/hu\/wp-json\/wp\/v2\/media?parent=27104"}],"wp:term":[{"taxonomy":"product_brand","embeddable":true,"href":"https:\/\/stampcurio.com\/hu\/wp-json\/wp\/v2\/product_brand?post=27104"},{"taxonomy":"product_cat","embeddable":true,"href":"https:\/\/stampcurio.com\/hu\/wp-json\/wp\/v2\/product_cat?post=27104"},{"taxonomy":"product_tag","embeddable":true,"href":"https:\/\/stampcurio.com\/hu\/wp-json\/wp\/v2\/product_tag?post=27104"}],"curies":[{"name":"wp","href":"https:\/\/api.w.org\/{rel}","templated":true}]}}