{"id":27103,"date":"2025-11-24T16:27:14","date_gmt":"2025-11-24T15:27:14","guid":{"rendered":"https:\/\/stampcurio.com\/product\/1833-ausztria-kek-th-zsambokret-belyegzo-levelen-gudlin-500-rompes-300\/"},"modified":"2025-12-05T04:04:01","modified_gmt":"2025-12-05T03:04:01","slug":"1833-ausztria-magyarorszag-kek-th-zsambokret-belyegzo-levelen-muller-852-pont-rompes-80-pont","status":"publish","type":"product","link":"https:\/\/stampcurio.com\/hu\/termek\/1833-ausztria-magyarorszag-kek-th-zsambokret-belyegzo-levelen-muller-852-pont-rompes-80-pont\/","title":{"rendered":"1833 Ausztria &#8211; Magyarorsz\u00e1g &#8211; k\u00e9k TH ZS\u00c1MBOKR\u00c9T b\u00e9lyegz\u0151 lev\u00e9len | M\u00fcller: 85*2 pont, Rompes: 80 pont"},"content":{"rendered":"","protected":false},"excerpt":{"rendered":"","protected":false},"featured_media":35703,"template":"","meta":[],"product_brand":[],"product_cat":[1178,1172,1189],"product_tag":[1669,1041,89,1305],"class_list":{"0":"post-27103","1":"product","2":"type-product","3":"status-publish","4":"has-post-thumbnail","6":"product_cat-ausztria","7":"product_cat-magyarorszag","8":"product_cat-szlovakia","9":"product_tag-3rd-auction","10":"product_tag-marcophily-hu","11":"product_tag-postatortenet","12":"product_tag-vorphila","14":"first","15":"outofstock","16":"sold-individually","17":"shipping-taxable","18":"purchasable","19":"product-type-simple"},"_links":{"self":[{"href":"https:\/\/stampcurio.com\/hu\/wp-json\/wp\/v2\/product\/27103","targetHints":{"allow":["GET"]}}],"collection":[{"href":"https:\/\/stampcurio.com\/hu\/wp-json\/wp\/v2\/product"}],"about":[{"href":"https:\/\/stampcurio.com\/hu\/wp-json\/wp\/v2\/types\/product"}],"wp:featuredmedia":[{"embeddable":true,"href":"https:\/\/stampcurio.com\/hu\/wp-json\/wp\/v2\/media\/35703"}],"wp:attachment":[{"href":"https:\/\/stampcurio.com\/hu\/wp-json\/wp\/v2\/media?parent=27103"}],"wp:term":[{"taxonomy":"product_brand","embeddable":true,"href":"https:\/\/stampcurio.com\/hu\/wp-json\/wp\/v2\/product_brand?post=27103"},{"taxonomy":"product_cat","embeddable":true,"href":"https:\/\/stampcurio.com\/hu\/wp-json\/wp\/v2\/product_cat?post=27103"},{"taxonomy":"product_tag","embeddable":true,"href":"https:\/\/stampcurio.com\/hu\/wp-json\/wp\/v2\/product_tag?post=27103"}],"curies":[{"name":"wp","href":"https:\/\/api.w.org\/{rel}","templated":true}]}}