{"id":27102,"date":"2025-11-24T16:27:13","date_gmt":"2025-11-24T15:27:13","guid":{"rendered":"https:\/\/stampcurio.com\/product\/1850-ausztria-pestrol-nilienfeldbe-kuldott-tudakozvany-9-kr-belyeggel\/"},"modified":"2025-12-06T11:56:22","modified_gmt":"2025-12-06T10:56:22","slug":"1850-ausztria-magyarorszag-pestrol-nilienfeldbe-kuldott-tudakozvany-9-kr-belyeggel","status":"publish","type":"product","link":"https:\/\/stampcurio.com\/hu\/termek\/1850-ausztria-magyarorszag-pestrol-nilienfeldbe-kuldott-tudakozvany-9-kr-belyeggel\/","title":{"rendered":"1850 Ausztria &#8211; Magyarorsz\u00e1g &#8211; Pestr\u0151l Lilienfeldbe k\u00fcld\u00f6tt tudakozv\u00e1ny 9 kr b\u00e9lyeggel"},"content":{"rendered":"","protected":false},"excerpt":{"rendered":"<p>Magyarorsz\u00e1g ter\u00fclet\u00e9r\u0151l az els\u0151 kiad\u00e1s b\u00e9lyeg\u00e9vel csak p\u00e1r darab tudakozv\u00e1ny ismert.<\/p>\n","protected":false},"featured_media":28059,"template":"","meta":[],"product_brand":[],"product_cat":[1178,1172],"product_tag":[1669,116,176,89],"class_list":{"0":"post-27102","1":"product","2":"type-product","3":"status-publish","4":"has-post-thumbnail","6":"product_cat-ausztria","7":"product_cat-magyarorszag","8":"product_tag-3rd-auction","9":"product_tag-belyeg","10":"product_tag-philagem","11":"product_tag-postatortenet","13":"first","14":"outofstock","15":"sold-individually","16":"shipping-taxable","17":"purchasable","18":"product-type-simple"},"_links":{"self":[{"href":"https:\/\/stampcurio.com\/hu\/wp-json\/wp\/v2\/product\/27102","targetHints":{"allow":["GET"]}}],"collection":[{"href":"https:\/\/stampcurio.com\/hu\/wp-json\/wp\/v2\/product"}],"about":[{"href":"https:\/\/stampcurio.com\/hu\/wp-json\/wp\/v2\/types\/product"}],"wp:featuredmedia":[{"embeddable":true,"href":"https:\/\/stampcurio.com\/hu\/wp-json\/wp\/v2\/media\/28059"}],"wp:attachment":[{"href":"https:\/\/stampcurio.com\/hu\/wp-json\/wp\/v2\/media?parent=27102"}],"wp:term":[{"taxonomy":"product_brand","embeddable":true,"href":"https:\/\/stampcurio.com\/hu\/wp-json\/wp\/v2\/product_brand?post=27102"},{"taxonomy":"product_cat","embeddable":true,"href":"https:\/\/stampcurio.com\/hu\/wp-json\/wp\/v2\/product_cat?post=27102"},{"taxonomy":"product_tag","embeddable":true,"href":"https:\/\/stampcurio.com\/hu\/wp-json\/wp\/v2\/product_tag?post=27102"}],"curies":[{"name":"wp","href":"https:\/\/api.w.org\/{rel}","templated":true}]}}