{"id":27101,"date":"2025-11-24T16:27:13","date_gmt":"2025-11-24T15:27:13","guid":{"rendered":"https:\/\/stampcurio.com\/product\/1907-magyarorszag-budapest-expressz-kepeslap-olaszorszagba-kuldve-szolid-fuggoleges-hajtas\/"},"modified":"2026-01-05T15:14:38","modified_gmt":"2026-01-05T14:14:38","slug":"1907-magyarorszag-budapest-expressz-kepeslap-olaszorszagba-kuldve-szolid-fuggoleges-hajtas-ritka-postai-kuldemenyfajta","status":"publish","type":"product","link":"https:\/\/stampcurio.com\/hu\/termek\/1907-magyarorszag-budapest-expressz-kepeslap-olaszorszagba-kuldve-szolid-fuggoleges-hajtas-ritka-postai-kuldemenyfajta\/","title":{"rendered":"1907 Magyarorsz\u00e1g &#8211; Budapest expressz k\u00e9peslap Olaszorsz\u00e1gba k\u00fcldve &#8211; szolid f\u00fcgg\u0151leges hajt\u00e1s &#8211; ritka postai k\u00fcldem\u00e9nyfajta"},"content":{"rendered":"","protected":false},"excerpt":{"rendered":"","protected":false},"featured_media":28073,"template":"","meta":[],"product_brand":[],"product_cat":[1172],"product_tag":[1669,97,89,1006],"class_list":{"0":"post-27101","1":"product","2":"type-product","3":"status-publish","4":"has-post-thumbnail","6":"product_cat-magyarorszag","7":"product_tag-3rd-auction","8":"product_tag-kepeslap","9":"product_tag-postatortenet","10":"product_tag-unsold","12":"first","13":"instock","14":"sold-individually","15":"shipping-taxable","16":"purchasable","17":"product-type-simple"},"_links":{"self":[{"href":"https:\/\/stampcurio.com\/hu\/wp-json\/wp\/v2\/product\/27101","targetHints":{"allow":["GET"]}}],"collection":[{"href":"https:\/\/stampcurio.com\/hu\/wp-json\/wp\/v2\/product"}],"about":[{"href":"https:\/\/stampcurio.com\/hu\/wp-json\/wp\/v2\/types\/product"}],"wp:featuredmedia":[{"embeddable":true,"href":"https:\/\/stampcurio.com\/hu\/wp-json\/wp\/v2\/media\/28073"}],"wp:attachment":[{"href":"https:\/\/stampcurio.com\/hu\/wp-json\/wp\/v2\/media?parent=27101"}],"wp:term":[{"taxonomy":"product_brand","embeddable":true,"href":"https:\/\/stampcurio.com\/hu\/wp-json\/wp\/v2\/product_brand?post=27101"},{"taxonomy":"product_cat","embeddable":true,"href":"https:\/\/stampcurio.com\/hu\/wp-json\/wp\/v2\/product_cat?post=27101"},{"taxonomy":"product_tag","embeddable":true,"href":"https:\/\/stampcurio.com\/hu\/wp-json\/wp\/v2\/product_tag?post=27101"}],"curies":[{"name":"wp","href":"https:\/\/api.w.org\/{rel}","templated":true}]}}