{"id":27100,"date":"2025-11-24T16:27:13","date_gmt":"2025-11-24T15:27:13","guid":{"rendered":"https:\/\/stampcurio.com\/product\/1858-olaszorszag-velence-30-lira-okmanybelyeg-okmanyon\/"},"modified":"2026-01-05T15:14:37","modified_gmt":"2026-01-05T14:14:37","slug":"1858-ausztria-lombard-velence-teljes-okmany-30-lira-okmanybelyeggel","status":"publish","type":"product","link":"https:\/\/stampcurio.com\/hu\/termek\/1858-ausztria-lombard-velence-teljes-okmany-30-lira-okmanybelyeggel\/","title":{"rendered":"1858 Ausztria &#8211; Lombard-Velence &#8211; teljes okm\u00e1ny 30 l\u00edra okm\u00e1nyb\u00e9lyeggel"},"content":{"rendered":"","protected":false},"excerpt":{"rendered":"","protected":false},"featured_media":28066,"template":"","meta":[],"product_brand":[],"product_cat":[1178,1183],"product_tag":[1669,282,1006],"class_list":{"0":"post-27100","1":"product","2":"type-product","3":"status-publish","4":"has-post-thumbnail","6":"product_cat-ausztria","7":"product_cat-olaszorszag","8":"product_tag-3rd-auction","9":"product_tag-okmanybelyeg","10":"product_tag-unsold","12":"first","13":"instock","14":"sold-individually","15":"shipping-taxable","16":"purchasable","17":"product-type-simple"},"_links":{"self":[{"href":"https:\/\/stampcurio.com\/hu\/wp-json\/wp\/v2\/product\/27100","targetHints":{"allow":["GET"]}}],"collection":[{"href":"https:\/\/stampcurio.com\/hu\/wp-json\/wp\/v2\/product"}],"about":[{"href":"https:\/\/stampcurio.com\/hu\/wp-json\/wp\/v2\/types\/product"}],"wp:featuredmedia":[{"embeddable":true,"href":"https:\/\/stampcurio.com\/hu\/wp-json\/wp\/v2\/media\/28066"}],"wp:attachment":[{"href":"https:\/\/stampcurio.com\/hu\/wp-json\/wp\/v2\/media?parent=27100"}],"wp:term":[{"taxonomy":"product_brand","embeddable":true,"href":"https:\/\/stampcurio.com\/hu\/wp-json\/wp\/v2\/product_brand?post=27100"},{"taxonomy":"product_cat","embeddable":true,"href":"https:\/\/stampcurio.com\/hu\/wp-json\/wp\/v2\/product_cat?post=27100"},{"taxonomy":"product_tag","embeddable":true,"href":"https:\/\/stampcurio.com\/hu\/wp-json\/wp\/v2\/product_tag?post=27100"}],"curies":[{"name":"wp","href":"https:\/\/api.w.org\/{rel}","templated":true}]}}