{"id":27099,"date":"2025-11-24T16:27:12","date_gmt":"2025-11-24T15:27:12","guid":{"rendered":"https:\/\/stampcurio.com\/product\/1840-ausztria-lepsenybol-iharosberenybe-kuldott-levelke-aranyozott-szegellyel-gudlin-150-rompes-70-muller-60\/"},"modified":"2025-12-05T04:04:03","modified_gmt":"2025-12-05T03:04:03","slug":"1840-ausztria-magyarorszag-lepsenybol-iharosberenybe-kuldott-portos-levelke-ovalis-belyegzessel-kezi-datumkiegeszitessel-rompes-70-pont-muller-60-pont","status":"publish","type":"product","link":"https:\/\/stampcurio.com\/hu\/termek\/1840-ausztria-magyarorszag-lepsenybol-iharosberenybe-kuldott-portos-levelke-ovalis-belyegzessel-kezi-datumkiegeszitessel-rompes-70-pont-muller-60-pont\/","title":{"rendered":"1840 Ausztria &#8211; Magyarorsz\u00e1g &#8211; Leps\u00e9nyb\u0151l Iharosber\u00e9nybe k\u00fcld\u00f6tt port\u00f3s lev\u00e9lke ov\u00e1lis b\u00e9lyegz\u00e9ssel k\u00e9zi d\u00e1tumkieg\u00e9sz\u00edt\u00e9ssel | Rompes: 70 pont | M\u00fcller: 60 pont"},"content":{"rendered":"","protected":false},"excerpt":{"rendered":"","protected":false},"featured_media":28063,"template":"","meta":[],"product_brand":[],"product_cat":[1178,1172],"product_tag":[1669,1041,108,89],"class_list":{"0":"post-27099","1":"product","2":"type-product","3":"status-publish","4":"has-post-thumbnail","6":"product_cat-ausztria","7":"product_cat-magyarorszag","8":"product_tag-3rd-auction","9":"product_tag-marcophily-hu","10":"product_tag-porto","11":"product_tag-postatortenet","13":"first","14":"outofstock","15":"sold-individually","16":"shipping-taxable","17":"purchasable","18":"product-type-simple"},"_links":{"self":[{"href":"https:\/\/stampcurio.com\/hu\/wp-json\/wp\/v2\/product\/27099","targetHints":{"allow":["GET"]}}],"collection":[{"href":"https:\/\/stampcurio.com\/hu\/wp-json\/wp\/v2\/product"}],"about":[{"href":"https:\/\/stampcurio.com\/hu\/wp-json\/wp\/v2\/types\/product"}],"wp:featuredmedia":[{"embeddable":true,"href":"https:\/\/stampcurio.com\/hu\/wp-json\/wp\/v2\/media\/28063"}],"wp:attachment":[{"href":"https:\/\/stampcurio.com\/hu\/wp-json\/wp\/v2\/media?parent=27099"}],"wp:term":[{"taxonomy":"product_brand","embeddable":true,"href":"https:\/\/stampcurio.com\/hu\/wp-json\/wp\/v2\/product_brand?post=27099"},{"taxonomy":"product_cat","embeddable":true,"href":"https:\/\/stampcurio.com\/hu\/wp-json\/wp\/v2\/product_cat?post=27099"},{"taxonomy":"product_tag","embeddable":true,"href":"https:\/\/stampcurio.com\/hu\/wp-json\/wp\/v2\/product_tag?post=27099"}],"curies":[{"name":"wp","href":"https:\/\/api.w.org\/{rel}","templated":true}]}}