{"id":27098,"date":"2025-11-24T16:27:09","date_gmt":"2025-11-24T15:27:09","guid":{"rendered":"https:\/\/stampcurio.com\/product\/1856-ausztria-szombathelyrol-pestre-kuldott-levelhez-tartozo-tertitveveny-6-kr-belyeggel-kis-lemezhibaval\/"},"modified":"2025-12-05T04:04:04","modified_gmt":"2025-12-05T03:04:04","slug":"1856-ausztria-magyarorszag-szombathelyrol-pestre-kuldott-levelhez-tartozo-tertitveveny-6-kr-belyeggel-a-belyegen-kis-lemezhiba","status":"publish","type":"product","link":"https:\/\/stampcurio.com\/hu\/termek\/1856-ausztria-magyarorszag-szombathelyrol-pestre-kuldott-levelhez-tartozo-tertitveveny-6-kr-belyeggel-a-belyegen-kis-lemezhiba\/","title":{"rendered":"1856 Ausztria &#8211; Magyarorsz\u00e1g &#8211; Szombathelyr\u0151l Pestre k\u00fcld\u00f6tt lev\u00e9lhez tartoz\u00f3 t\u00e9rtitvev\u00e9ny 6 kr b\u00e9lyeggel. A b\u00e9lyegen kis lemezhiba!"},"content":{"rendered":"","protected":false},"excerpt":{"rendered":"","protected":false},"featured_media":28922,"template":"","meta":[],"product_brand":[],"product_cat":[1178,1172],"product_tag":[1669,116,1041,89,217],"class_list":{"0":"post-27098","1":"product","2":"type-product","3":"status-publish","4":"has-post-thumbnail","6":"product_cat-ausztria","7":"product_cat-magyarorszag","8":"product_tag-3rd-auction","9":"product_tag-belyeg","10":"product_tag-marcophily-hu","11":"product_tag-postatortenet","12":"product_tag-tevnyomat","14":"first","15":"outofstock","16":"sold-individually","17":"shipping-taxable","18":"purchasable","19":"product-type-simple"},"_links":{"self":[{"href":"https:\/\/stampcurio.com\/hu\/wp-json\/wp\/v2\/product\/27098","targetHints":{"allow":["GET"]}}],"collection":[{"href":"https:\/\/stampcurio.com\/hu\/wp-json\/wp\/v2\/product"}],"about":[{"href":"https:\/\/stampcurio.com\/hu\/wp-json\/wp\/v2\/types\/product"}],"wp:featuredmedia":[{"embeddable":true,"href":"https:\/\/stampcurio.com\/hu\/wp-json\/wp\/v2\/media\/28922"}],"wp:attachment":[{"href":"https:\/\/stampcurio.com\/hu\/wp-json\/wp\/v2\/media?parent=27098"}],"wp:term":[{"taxonomy":"product_brand","embeddable":true,"href":"https:\/\/stampcurio.com\/hu\/wp-json\/wp\/v2\/product_brand?post=27098"},{"taxonomy":"product_cat","embeddable":true,"href":"https:\/\/stampcurio.com\/hu\/wp-json\/wp\/v2\/product_cat?post=27098"},{"taxonomy":"product_tag","embeddable":true,"href":"https:\/\/stampcurio.com\/hu\/wp-json\/wp\/v2\/product_tag?post=27098"}],"curies":[{"name":"wp","href":"https:\/\/api.w.org\/{rel}","templated":true}]}}