{"id":27097,"date":"2025-11-24T16:27:09","date_gmt":"2025-11-24T15:27:09","guid":{"rendered":"https:\/\/stampcurio.com\/product\/1906-1908-olaszorszag-reklamszelvenyes-belyegek-2x-postatiszta-4x-pecsetelt\/"},"modified":"2025-12-05T04:04:03","modified_gmt":"2025-12-05T03:04:03","slug":"1906-1908-olaszorszag-reklamszelvenyes-belyegek-ket-postatiszta-a-tobbi-pecsetelt","status":"publish","type":"product","link":"https:\/\/stampcurio.com\/hu\/termek\/1906-1908-olaszorszag-reklamszelvenyes-belyegek-ket-postatiszta-a-tobbi-pecsetelt\/","title":{"rendered":"1906-1908 Olaszorsz\u00e1g &#8211; Rekl\u00e1mszelv\u00e9nyes b\u00e9lyegek &#8211; k\u00e9t postatiszta *, a t\u00f6bbi pecs\u00e9telt"},"content":{"rendered":"","protected":false},"excerpt":{"rendered":"","protected":false},"featured_media":31669,"template":"","meta":[],"product_brand":[],"product_cat":[1183],"product_tag":[1669,116,75],"class_list":{"0":"post-27097","1":"product","2":"type-product","3":"status-publish","4":"has-post-thumbnail","6":"product_cat-olaszorszag","7":"product_tag-3rd-auction","8":"product_tag-belyeg","9":"product_tag-reklam","11":"first","12":"outofstock","13":"sold-individually","14":"shipping-taxable","15":"purchasable","16":"product-type-simple"},"_links":{"self":[{"href":"https:\/\/stampcurio.com\/hu\/wp-json\/wp\/v2\/product\/27097","targetHints":{"allow":["GET"]}}],"collection":[{"href":"https:\/\/stampcurio.com\/hu\/wp-json\/wp\/v2\/product"}],"about":[{"href":"https:\/\/stampcurio.com\/hu\/wp-json\/wp\/v2\/types\/product"}],"wp:featuredmedia":[{"embeddable":true,"href":"https:\/\/stampcurio.com\/hu\/wp-json\/wp\/v2\/media\/31669"}],"wp:attachment":[{"href":"https:\/\/stampcurio.com\/hu\/wp-json\/wp\/v2\/media?parent=27097"}],"wp:term":[{"taxonomy":"product_brand","embeddable":true,"href":"https:\/\/stampcurio.com\/hu\/wp-json\/wp\/v2\/product_brand?post=27097"},{"taxonomy":"product_cat","embeddable":true,"href":"https:\/\/stampcurio.com\/hu\/wp-json\/wp\/v2\/product_cat?post=27097"},{"taxonomy":"product_tag","embeddable":true,"href":"https:\/\/stampcurio.com\/hu\/wp-json\/wp\/v2\/product_tag?post=27097"}],"curies":[{"name":"wp","href":"https:\/\/api.w.org\/{rel}","templated":true}]}}