{"id":27096,"date":"2025-11-24T16:27:09","date_gmt":"2025-11-24T15:27:09","guid":{"rendered":"https:\/\/stampcurio.com\/product\/1932-magyarorszag-liszt-ferenc-het-db-levelzaro-negynyelvu-fogazatlan-teljes-iv-enyvezett-vizszintesen-es-fuggolegesen-hajtott-kis-szakadas\/"},"modified":"2025-12-05T04:04:03","modified_gmt":"2025-12-05T03:04:03","slug":"1932-magyarorszag-liszt-ferenc-negynyelvu-levelzaro-fogazatlan-teljes-enyvezett-iv-vizszintesen-es-fuggolegesen-hajtott-kis-szakadas-a-szelen","status":"publish","type":"product","link":"https:\/\/stampcurio.com\/hu\/termek\/1932-magyarorszag-liszt-ferenc-negynyelvu-levelzaro-fogazatlan-teljes-enyvezett-iv-vizszintesen-es-fuggolegesen-hajtott-kis-szakadas-a-szelen\/","title":{"rendered":"1932 Magyarorsz\u00e1g &#8211; Liszt Ferenc n\u00e9gynyelv\u0171 lev\u00e9lz\u00e1r\u00f3 fogazatlan teljes enyvezett \u00edv \u2013 v\u00edzszintesen \u00e9s f\u00fcgg\u0151legesen hajtott, kis szakad\u00e1s a sz\u00e9l\u00e9n"},"content":{"rendered":"","protected":false},"excerpt":{"rendered":"","protected":false},"featured_media":28920,"template":"","meta":[],"product_brand":[],"product_cat":[1172],"product_tag":[1669,194],"class_list":{"0":"post-27096","1":"product","2":"type-product","3":"status-publish","4":"has-post-thumbnail","6":"product_cat-magyarorszag","7":"product_tag-3rd-auction","8":"product_tag-levelzaro","10":"first","11":"outofstock","12":"sold-individually","13":"shipping-taxable","14":"purchasable","15":"product-type-simple"},"_links":{"self":[{"href":"https:\/\/stampcurio.com\/hu\/wp-json\/wp\/v2\/product\/27096","targetHints":{"allow":["GET"]}}],"collection":[{"href":"https:\/\/stampcurio.com\/hu\/wp-json\/wp\/v2\/product"}],"about":[{"href":"https:\/\/stampcurio.com\/hu\/wp-json\/wp\/v2\/types\/product"}],"wp:featuredmedia":[{"embeddable":true,"href":"https:\/\/stampcurio.com\/hu\/wp-json\/wp\/v2\/media\/28920"}],"wp:attachment":[{"href":"https:\/\/stampcurio.com\/hu\/wp-json\/wp\/v2\/media?parent=27096"}],"wp:term":[{"taxonomy":"product_brand","embeddable":true,"href":"https:\/\/stampcurio.com\/hu\/wp-json\/wp\/v2\/product_brand?post=27096"},{"taxonomy":"product_cat","embeddable":true,"href":"https:\/\/stampcurio.com\/hu\/wp-json\/wp\/v2\/product_cat?post=27096"},{"taxonomy":"product_tag","embeddable":true,"href":"https:\/\/stampcurio.com\/hu\/wp-json\/wp\/v2\/product_tag?post=27096"}],"curies":[{"name":"wp","href":"https:\/\/api.w.org\/{rel}","templated":true}]}}