{"id":27095,"date":"2025-11-24T16:27:08","date_gmt":"2025-11-24T15:27:08","guid":{"rendered":"https:\/\/stampcurio.com\/product\/1924-26-mongolia-50-cent-hajtott-1924-stampworld-280-eur\/"},"modified":"2026-01-05T15:14:38","modified_gmt":"2026-01-05T14:14:38","slug":"1924-1926-mongolia-korai-pecsetelt-belyegek-szinvariansokkal","status":"publish","type":"product","link":"https:\/\/stampcurio.com\/hu\/termek\/1924-1926-mongolia-korai-pecsetelt-belyegek-szinvariansokkal\/","title":{"rendered":"1924 &#8211; 1926 Mong\u00f3lia &#8211; korai pecs\u00e9telt b\u00e9lyegek sz\u00ednvari\u00e1nsokkal"},"content":{"rendered":"","protected":false},"excerpt":{"rendered":"<p>Az 1924-s 50 cent hajt\u00e1snyommal.<\/p>\n","protected":false},"featured_media":35354,"template":"","meta":[],"product_brand":[],"product_cat":[1677],"product_tag":[1669,116,1006],"class_list":{"0":"post-27095","1":"product","2":"type-product","3":"status-publish","4":"has-post-thumbnail","6":"product_cat-mongolia","7":"product_tag-3rd-auction","8":"product_tag-belyeg","9":"product_tag-unsold","11":"first","12":"instock","13":"sold-individually","14":"shipping-taxable","15":"purchasable","16":"product-type-simple"},"_links":{"self":[{"href":"https:\/\/stampcurio.com\/hu\/wp-json\/wp\/v2\/product\/27095","targetHints":{"allow":["GET"]}}],"collection":[{"href":"https:\/\/stampcurio.com\/hu\/wp-json\/wp\/v2\/product"}],"about":[{"href":"https:\/\/stampcurio.com\/hu\/wp-json\/wp\/v2\/types\/product"}],"wp:featuredmedia":[{"embeddable":true,"href":"https:\/\/stampcurio.com\/hu\/wp-json\/wp\/v2\/media\/35354"}],"wp:attachment":[{"href":"https:\/\/stampcurio.com\/hu\/wp-json\/wp\/v2\/media?parent=27095"}],"wp:term":[{"taxonomy":"product_brand","embeddable":true,"href":"https:\/\/stampcurio.com\/hu\/wp-json\/wp\/v2\/product_brand?post=27095"},{"taxonomy":"product_cat","embeddable":true,"href":"https:\/\/stampcurio.com\/hu\/wp-json\/wp\/v2\/product_cat?post=27095"},{"taxonomy":"product_tag","embeddable":true,"href":"https:\/\/stampcurio.com\/hu\/wp-json\/wp\/v2\/product_tag?post=27095"}],"curies":[{"name":"wp","href":"https:\/\/api.w.org\/{rel}","templated":true}]}}