{"id":27093,"date":"2025-11-24T16:27:07","date_gmt":"2025-11-24T15:27:07","guid":{"rendered":"https:\/\/stampcurio.com\/product\/1961-magyarorszag-belyegkiallitas-ezust-kisivsor-vagott-es-pecsetelt-azonos-sorszammal-mbk-50-eur\/"},"modified":"2026-01-05T15:14:38","modified_gmt":"2026-01-05T14:14:38","slug":"1961-magyarorszag-belyegkiallitas-vagott-ezust-kisivsor-azonos-sorszammal-es-elsonapi-fd-belyegzessel-phu-50-eur","status":"publish","type":"product","link":"https:\/\/stampcurio.com\/hu\/termek\/1961-magyarorszag-belyegkiallitas-vagott-ezust-kisivsor-azonos-sorszammal-es-elsonapi-fd-belyegzessel-phu-50-eur\/","title":{"rendered":"1961 Magyarorsz\u00e1g &#8211; B\u00e9lyegki\u00e1ll\u00edt\u00e1s v\u00e1gott ez\u00fcst kis\u00edvsor azonos (!) sorsz\u00e1mmal \u00e9s els\u0151napi (FD) b\u00e9lyegz\u00e9ssel | PHu: 50++ EUR"},"content":{"rendered":"","protected":false},"excerpt":{"rendered":"","protected":false},"featured_media":32005,"template":"","meta":[],"product_brand":[],"product_cat":[1172],"product_tag":[1669,116,100,1041,1006],"class_list":{"0":"post-27093","1":"product","2":"type-product","3":"status-publish","4":"has-post-thumbnail","6":"product_cat-magyarorszag","7":"product_tag-3rd-auction","8":"product_tag-belyeg","9":"product_tag-fdc","10":"product_tag-marcophily-hu","11":"product_tag-unsold","13":"first","14":"instock","15":"sold-individually","16":"shipping-taxable","17":"purchasable","18":"product-type-simple"},"_links":{"self":[{"href":"https:\/\/stampcurio.com\/hu\/wp-json\/wp\/v2\/product\/27093","targetHints":{"allow":["GET"]}}],"collection":[{"href":"https:\/\/stampcurio.com\/hu\/wp-json\/wp\/v2\/product"}],"about":[{"href":"https:\/\/stampcurio.com\/hu\/wp-json\/wp\/v2\/types\/product"}],"wp:featuredmedia":[{"embeddable":true,"href":"https:\/\/stampcurio.com\/hu\/wp-json\/wp\/v2\/media\/32005"}],"wp:attachment":[{"href":"https:\/\/stampcurio.com\/hu\/wp-json\/wp\/v2\/media?parent=27093"}],"wp:term":[{"taxonomy":"product_brand","embeddable":true,"href":"https:\/\/stampcurio.com\/hu\/wp-json\/wp\/v2\/product_brand?post=27093"},{"taxonomy":"product_cat","embeddable":true,"href":"https:\/\/stampcurio.com\/hu\/wp-json\/wp\/v2\/product_cat?post=27093"},{"taxonomy":"product_tag","embeddable":true,"href":"https:\/\/stampcurio.com\/hu\/wp-json\/wp\/v2\/product_tag?post=27093"}],"curies":[{"name":"wp","href":"https:\/\/api.w.org\/{rel}","templated":true}]}}