{"id":27092,"date":"2025-11-24T16:27:07","date_gmt":"2025-11-24T15:27:07","guid":{"rendered":"https:\/\/stampcurio.com\/product\/1943-magyarorszag-alsokaraszlo-%d0%b7%d0%b0%d1%80%d0%b8%d1%87%d0%b0-postaugynokseg-belyegzes-szallitolevelen-pu-200-pont\/"},"modified":"2025-12-05T04:04:05","modified_gmt":"2025-12-05T03:04:05","slug":"1943-magyarorszag-alsokaraszlo-%d0%b7%d0%b0%d1%80%d0%b8%d1%87%d0%b0-ruten-magyar-ketnyelvu-postaugynokseg-belyegzes-szallitolevelen-pu-200-pont","status":"publish","type":"product","link":"https:\/\/stampcurio.com\/hu\/termek\/1943-magyarorszag-alsokaraszlo-%d0%b7%d0%b0%d1%80%d0%b8%d1%87%d0%b0-ruten-magyar-ketnyelvu-postaugynokseg-belyegzes-szallitolevelen-pu-200-pont\/","title":{"rendered":"1943 Magyarorsz\u00e1g &#8211; ALS\u00d3KARASZL\u00d3 \/ \u0417\u0410\u0420\u0418\u0427\u0410 rut\u00e9n &#8211; magyar k\u00e9tnyelv\u0171 posta\u00fcgyn\u00f6ks\u00e9g b\u00e9lyegz\u00e9s sz\u00e1ll\u00edt\u00f3lev\u00e9len | P\u00dc: 200 pont"},"content":{"rendered":"","protected":false},"excerpt":{"rendered":"","protected":false},"featured_media":28304,"template":"","meta":[],"product_brand":[],"product_cat":[1172,1226],"product_tag":[1669,1041,89,1269,157],"class_list":{"0":"post-27092","1":"product","2":"type-product","3":"status-publish","4":"has-post-thumbnail","6":"product_cat-magyarorszag","7":"product_cat-ukrajna","8":"product_tag-3rd-auction","9":"product_tag-marcophily-hu","10":"product_tag-postatortenet","11":"product_tag-postaugynokseg","12":"product_tag-szallitolevel","14":"first","15":"outofstock","16":"sold-individually","17":"shipping-taxable","18":"purchasable","19":"product-type-simple"},"_links":{"self":[{"href":"https:\/\/stampcurio.com\/hu\/wp-json\/wp\/v2\/product\/27092","targetHints":{"allow":["GET"]}}],"collection":[{"href":"https:\/\/stampcurio.com\/hu\/wp-json\/wp\/v2\/product"}],"about":[{"href":"https:\/\/stampcurio.com\/hu\/wp-json\/wp\/v2\/types\/product"}],"wp:featuredmedia":[{"embeddable":true,"href":"https:\/\/stampcurio.com\/hu\/wp-json\/wp\/v2\/media\/28304"}],"wp:attachment":[{"href":"https:\/\/stampcurio.com\/hu\/wp-json\/wp\/v2\/media?parent=27092"}],"wp:term":[{"taxonomy":"product_brand","embeddable":true,"href":"https:\/\/stampcurio.com\/hu\/wp-json\/wp\/v2\/product_brand?post=27092"},{"taxonomy":"product_cat","embeddable":true,"href":"https:\/\/stampcurio.com\/hu\/wp-json\/wp\/v2\/product_cat?post=27092"},{"taxonomy":"product_tag","embeddable":true,"href":"https:\/\/stampcurio.com\/hu\/wp-json\/wp\/v2\/product_tag?post=27092"}],"curies":[{"name":"wp","href":"https:\/\/api.w.org\/{rel}","templated":true}]}}