{"id":27091,"date":"2025-11-24T16:27:06","date_gmt":"2025-11-24T15:27:06","guid":{"rendered":"https:\/\/stampcurio.com\/product\/1938-magyarorszag-szent-jobb-miskolcon-nagy-meretu-levelzaro-futott-kuldemenyen\/"},"modified":"2026-01-05T15:14:39","modified_gmt":"2026-01-05T14:14:39","slug":"1938-magyarorszag-iii-miskolci-belyegkiallitas-nagy-meretu-levelzaro-futott-kuldemenyen","status":"publish","type":"product","link":"https:\/\/stampcurio.com\/hu\/termek\/1938-magyarorszag-iii-miskolci-belyegkiallitas-nagy-meretu-levelzaro-futott-kuldemenyen\/","title":{"rendered":"1938 Magyarorsz\u00e1g &#8211; III. Miskolci b\u00e9lyegki\u00e1ll\u00edt\u00e1s &#8211; nagy m\u00e9ret\u0171 lev\u00e9lz\u00e1r\u00f3 futott k\u00fcldem\u00e9nyen"},"content":{"rendered":"","protected":false},"excerpt":{"rendered":"","protected":false},"featured_media":28022,"template":"","meta":[],"product_brand":[],"product_cat":[1172],"product_tag":[1669,1378,116,194,89,1006],"class_list":{"0":"post-27091","1":"product","2":"type-product","3":"status-publish","4":"has-post-thumbnail","6":"product_cat-magyarorszag","7":"product_tag-3rd-auction","8":"product_tag-alkalmi-belyegzes","9":"product_tag-belyeg","10":"product_tag-levelzaro","11":"product_tag-postatortenet","12":"product_tag-unsold","14":"first","15":"instock","16":"sold-individually","17":"shipping-taxable","18":"purchasable","19":"product-type-simple"},"_links":{"self":[{"href":"https:\/\/stampcurio.com\/hu\/wp-json\/wp\/v2\/product\/27091","targetHints":{"allow":["GET"]}}],"collection":[{"href":"https:\/\/stampcurio.com\/hu\/wp-json\/wp\/v2\/product"}],"about":[{"href":"https:\/\/stampcurio.com\/hu\/wp-json\/wp\/v2\/types\/product"}],"wp:featuredmedia":[{"embeddable":true,"href":"https:\/\/stampcurio.com\/hu\/wp-json\/wp\/v2\/media\/28022"}],"wp:attachment":[{"href":"https:\/\/stampcurio.com\/hu\/wp-json\/wp\/v2\/media?parent=27091"}],"wp:term":[{"taxonomy":"product_brand","embeddable":true,"href":"https:\/\/stampcurio.com\/hu\/wp-json\/wp\/v2\/product_brand?post=27091"},{"taxonomy":"product_cat","embeddable":true,"href":"https:\/\/stampcurio.com\/hu\/wp-json\/wp\/v2\/product_cat?post=27091"},{"taxonomy":"product_tag","embeddable":true,"href":"https:\/\/stampcurio.com\/hu\/wp-json\/wp\/v2\/product_tag?post=27091"}],"curies":[{"name":"wp","href":"https:\/\/api.w.org\/{rel}","templated":true}]}}