{"id":27090,"date":"2025-11-24T16:27:06","date_gmt":"2025-11-24T15:27:06","guid":{"rendered":"https:\/\/stampcurio.com\/product\/1895-magyarorszag-ddsg-szallitolevel-kek-dgt-esztergom-belyegzovel\/"},"modified":"2026-01-08T11:40:22","modified_gmt":"2026-01-08T10:40:22","slug":"1895-magyarorszag-ddsg-szallitolevel-kek-d-g-t-esztergom-belyegzovel","status":"publish","type":"product","link":"https:\/\/stampcurio.com\/hu\/termek\/1895-magyarorszag-ddsg-szallitolevel-kek-d-g-t-esztergom-belyegzovel\/","title":{"rendered":"1895 Magyarorsz\u00e1g &#8211; DDSG sz\u00e1ll\u00edt\u00f3lev\u00e9l k\u00e9k &#8220;D.G.T. Esztergom&#8221; b\u00e9lyegz\u0151vel"},"content":{"rendered":"","protected":false},"excerpt":{"rendered":"","protected":false},"featured_media":28016,"template":"","meta":[],"product_brand":[],"product_cat":[1178,1172],"product_tag":[1669,323,1041,157],"class_list":{"0":"post-27090","1":"product","2":"type-product","3":"status-publish","4":"has-post-thumbnail","6":"product_cat-ausztria","7":"product_cat-magyarorszag","8":"product_tag-3rd-auction","9":"product_tag-ddsg","10":"product_tag-marcophily-hu","11":"product_tag-szallitolevel","13":"first","14":"outofstock","15":"sold-individually","16":"shipping-taxable","17":"purchasable","18":"product-type-simple"},"_links":{"self":[{"href":"https:\/\/stampcurio.com\/hu\/wp-json\/wp\/v2\/product\/27090","targetHints":{"allow":["GET"]}}],"collection":[{"href":"https:\/\/stampcurio.com\/hu\/wp-json\/wp\/v2\/product"}],"about":[{"href":"https:\/\/stampcurio.com\/hu\/wp-json\/wp\/v2\/types\/product"}],"wp:featuredmedia":[{"embeddable":true,"href":"https:\/\/stampcurio.com\/hu\/wp-json\/wp\/v2\/media\/28016"}],"wp:attachment":[{"href":"https:\/\/stampcurio.com\/hu\/wp-json\/wp\/v2\/media?parent=27090"}],"wp:term":[{"taxonomy":"product_brand","embeddable":true,"href":"https:\/\/stampcurio.com\/hu\/wp-json\/wp\/v2\/product_brand?post=27090"},{"taxonomy":"product_cat","embeddable":true,"href":"https:\/\/stampcurio.com\/hu\/wp-json\/wp\/v2\/product_cat?post=27090"},{"taxonomy":"product_tag","embeddable":true,"href":"https:\/\/stampcurio.com\/hu\/wp-json\/wp\/v2\/product_tag?post=27090"}],"curies":[{"name":"wp","href":"https:\/\/api.w.org\/{rel}","templated":true}]}}