{"id":27089,"date":"2025-11-24T16:27:06","date_gmt":"2025-11-24T15:27:06","guid":{"rendered":"https:\/\/stampcurio.com\/product\/1904-magyarorszag-ket-ddsg-szallitolevel-pancsova-es-baja-belyegzokkel\/"},"modified":"2026-01-07T12:51:23","modified_gmt":"2026-01-07T11:51:23","slug":"1904-magyarorszag-ket-ddsg-szallitolevel-d-d-s-g-pancsova-d-g-t-ujpest-es-baja-belyegzokkel","status":"publish","type":"product","link":"https:\/\/stampcurio.com\/hu\/termek\/1904-magyarorszag-ket-ddsg-szallitolevel-d-d-s-g-pancsova-d-g-t-ujpest-es-baja-belyegzokkel\/","title":{"rendered":"1904 Magyarorsz\u00e1g &#8211; K\u00e9t DDSG sz\u00e1ll\u00edt\u00f3lev\u00e9l &#8220;D.D.S.G \/ Pancsova&#8221;, &#8220;D.G.T \/ \u00daJPEST&#8221; \u00e9s Baja b\u00e9lyegz\u0151kkel"},"content":{"rendered":"","protected":false},"excerpt":{"rendered":"","protected":false},"featured_media":28018,"template":"","meta":[],"product_brand":[],"product_cat":[1178,1172,1245],"product_tag":[1669,323,1041,157],"class_list":{"0":"post-27089","1":"product","2":"type-product","3":"status-publish","4":"has-post-thumbnail","6":"product_cat-ausztria","7":"product_cat-magyarorszag","8":"product_cat-szerbia","9":"product_tag-3rd-auction","10":"product_tag-ddsg","11":"product_tag-marcophily-hu","12":"product_tag-szallitolevel","14":"first","15":"outofstock","16":"sold-individually","17":"shipping-taxable","18":"purchasable","19":"product-type-simple"},"_links":{"self":[{"href":"https:\/\/stampcurio.com\/hu\/wp-json\/wp\/v2\/product\/27089","targetHints":{"allow":["GET"]}}],"collection":[{"href":"https:\/\/stampcurio.com\/hu\/wp-json\/wp\/v2\/product"}],"about":[{"href":"https:\/\/stampcurio.com\/hu\/wp-json\/wp\/v2\/types\/product"}],"wp:featuredmedia":[{"embeddable":true,"href":"https:\/\/stampcurio.com\/hu\/wp-json\/wp\/v2\/media\/28018"}],"wp:attachment":[{"href":"https:\/\/stampcurio.com\/hu\/wp-json\/wp\/v2\/media?parent=27089"}],"wp:term":[{"taxonomy":"product_brand","embeddable":true,"href":"https:\/\/stampcurio.com\/hu\/wp-json\/wp\/v2\/product_brand?post=27089"},{"taxonomy":"product_cat","embeddable":true,"href":"https:\/\/stampcurio.com\/hu\/wp-json\/wp\/v2\/product_cat?post=27089"},{"taxonomy":"product_tag","embeddable":true,"href":"https:\/\/stampcurio.com\/hu\/wp-json\/wp\/v2\/product_tag?post=27089"}],"curies":[{"name":"wp","href":"https:\/\/api.w.org\/{rel}","templated":true}]}}