{"id":27086,"date":"2025-11-24T16:27:04","date_gmt":"2025-11-24T15:27:04","guid":{"rendered":"https:\/\/stampcurio.com\/product\/1871-magyarorszag-muraszombat-feladoveveny\/"},"modified":"2025-12-05T04:04:08","modified_gmt":"2025-12-05T03:04:08","slug":"1871-magyarorszag-osztrak-tipusu-feladoveveny-muraszombaton-felhasznalva","status":"publish","type":"product","link":"https:\/\/stampcurio.com\/hu\/termek\/1871-magyarorszag-osztrak-tipusu-feladoveveny-muraszombaton-felhasznalva\/","title":{"rendered":"1871 Magyarorsz\u00e1g &#8211; osztr\u00e1k t\u00edpus\u00fa felad\u00f3vev\u00e9ny Muraszombaton felhaszn\u00e1lva"},"content":{"rendered":"","protected":false},"excerpt":{"rendered":"","protected":false},"featured_media":27992,"template":"","meta":[],"product_brand":[],"product_cat":[1172,1236],"product_tag":[1669,1041,89],"class_list":{"0":"post-27086","1":"product","2":"type-product","3":"status-publish","4":"has-post-thumbnail","6":"product_cat-magyarorszag","7":"product_cat-szlovenia","8":"product_tag-3rd-auction","9":"product_tag-marcophily-hu","10":"product_tag-postatortenet","12":"first","13":"outofstock","14":"sold-individually","15":"shipping-taxable","16":"purchasable","17":"product-type-simple"},"_links":{"self":[{"href":"https:\/\/stampcurio.com\/hu\/wp-json\/wp\/v2\/product\/27086","targetHints":{"allow":["GET"]}}],"collection":[{"href":"https:\/\/stampcurio.com\/hu\/wp-json\/wp\/v2\/product"}],"about":[{"href":"https:\/\/stampcurio.com\/hu\/wp-json\/wp\/v2\/types\/product"}],"wp:featuredmedia":[{"embeddable":true,"href":"https:\/\/stampcurio.com\/hu\/wp-json\/wp\/v2\/media\/27992"}],"wp:attachment":[{"href":"https:\/\/stampcurio.com\/hu\/wp-json\/wp\/v2\/media?parent=27086"}],"wp:term":[{"taxonomy":"product_brand","embeddable":true,"href":"https:\/\/stampcurio.com\/hu\/wp-json\/wp\/v2\/product_brand?post=27086"},{"taxonomy":"product_cat","embeddable":true,"href":"https:\/\/stampcurio.com\/hu\/wp-json\/wp\/v2\/product_cat?post=27086"},{"taxonomy":"product_tag","embeddable":true,"href":"https:\/\/stampcurio.com\/hu\/wp-json\/wp\/v2\/product_tag?post=27086"}],"curies":[{"name":"wp","href":"https:\/\/api.w.org\/{rel}","templated":true}]}}