{"id":27084,"date":"2025-11-24T16:27:04","date_gmt":"2025-11-24T15:27:04","guid":{"rendered":"https:\/\/stampcurio.com\/product\/1919-magyarorszag-nagyvarad-ajanlott-hamburg\/"},"modified":"2026-01-05T15:14:40","modified_gmt":"2026-01-05T14:14:40","slug":"1919-romania-aradrol-nemetorszagba-kuldott-ajanlott-level-nagyvaradi-felulnyomasu-belyegekkel-attest-bodor","status":"publish","type":"product","link":"https:\/\/stampcurio.com\/hu\/termek\/1919-romania-aradrol-nemetorszagba-kuldott-ajanlott-level-nagyvaradi-felulnyomasu-belyegekkel-attest-bodor\/","title":{"rendered":"1919 Rom\u00e1nia &#8211; Aradr\u00f3l N\u00e9metorsz\u00e1gba k\u00fcld\u00f6tt aj\u00e1nlott lev\u00e9l nagyv\u00e1radi fel\u00fclnyom\u00e1s\u00fa b\u00e9lyegekkel &#8211; Attest: Bodor"},"content":{"rendered":"","protected":false},"excerpt":{"rendered":"","protected":false},"featured_media":28002,"template":"","meta":[],"product_brand":[],"product_cat":[1172,1208],"product_tag":[1669,116,1332,89,1006,172],"class_list":{"0":"post-27084","1":"product","2":"type-product","3":"status-publish","4":"has-post-thumbnail","6":"product_cat-magyarorszag","7":"product_cat-romania","8":"product_tag-3rd-auction","9":"product_tag-belyeg","10":"product_tag-helyi-kiadas","11":"product_tag-postatortenet","12":"product_tag-unsold","13":"product_tag-vegyes-bermentesites","15":"first","16":"instock","17":"sold-individually","18":"shipping-taxable","19":"purchasable","20":"product-type-simple"},"_links":{"self":[{"href":"https:\/\/stampcurio.com\/hu\/wp-json\/wp\/v2\/product\/27084","targetHints":{"allow":["GET"]}}],"collection":[{"href":"https:\/\/stampcurio.com\/hu\/wp-json\/wp\/v2\/product"}],"about":[{"href":"https:\/\/stampcurio.com\/hu\/wp-json\/wp\/v2\/types\/product"}],"wp:featuredmedia":[{"embeddable":true,"href":"https:\/\/stampcurio.com\/hu\/wp-json\/wp\/v2\/media\/28002"}],"wp:attachment":[{"href":"https:\/\/stampcurio.com\/hu\/wp-json\/wp\/v2\/media?parent=27084"}],"wp:term":[{"taxonomy":"product_brand","embeddable":true,"href":"https:\/\/stampcurio.com\/hu\/wp-json\/wp\/v2\/product_brand?post=27084"},{"taxonomy":"product_cat","embeddable":true,"href":"https:\/\/stampcurio.com\/hu\/wp-json\/wp\/v2\/product_cat?post=27084"},{"taxonomy":"product_tag","embeddable":true,"href":"https:\/\/stampcurio.com\/hu\/wp-json\/wp\/v2\/product_tag?post=27084"}],"curies":[{"name":"wp","href":"https:\/\/api.w.org\/{rel}","templated":true}]}}