{"id":27082,"date":"2025-11-24T16:27:03","date_gmt":"2025-11-24T15:27:03","guid":{"rendered":"https:\/\/stampcurio.com\/product\/1919-magyarorszag-kolozsvar-tavolsagi-level\/"},"modified":"2025-12-05T04:04:08","modified_gmt":"2025-12-05T03:04:08","slug":"1919-romania-ladamosbol-nagyszebenbe-kudlott-boritek-kolozsvari-felulnyomasu-belyegekkel-szalay-adalbert-belyegszakertonek-2","status":"publish","type":"product","link":"https:\/\/stampcurio.com\/hu\/termek\/1919-romania-ladamosbol-nagyszebenbe-kudlott-boritek-kolozsvari-felulnyomasu-belyegekkel-szalay-adalbert-belyegszakertonek-2\/","title":{"rendered":"1919 Rom\u00e1nia \u2013 Ladamosb\u00f3l Nagyszebenbe k\u00fcdl\u00f6tt bor\u00edt\u00e9k kolozsv\u00e1ri fel\u00fclnyom\u00e1s\u00fa b\u00e9lyegekkel \u2013 Szalay Adalbert b\u00e9lyegszak\u00e9rt\u0151nek #2"},"content":{"rendered":"","protected":false},"excerpt":{"rendered":"","protected":false},"featured_media":28006,"template":"","meta":[],"product_brand":[],"product_cat":[1172,1208],"product_tag":[1669,116,1332,89],"class_list":{"0":"post-27082","1":"product","2":"type-product","3":"status-publish","4":"has-post-thumbnail","6":"product_cat-magyarorszag","7":"product_cat-romania","8":"product_tag-3rd-auction","9":"product_tag-belyeg","10":"product_tag-helyi-kiadas","11":"product_tag-postatortenet","13":"first","14":"outofstock","15":"sold-individually","16":"shipping-taxable","17":"purchasable","18":"product-type-simple"},"_links":{"self":[{"href":"https:\/\/stampcurio.com\/hu\/wp-json\/wp\/v2\/product\/27082","targetHints":{"allow":["GET"]}}],"collection":[{"href":"https:\/\/stampcurio.com\/hu\/wp-json\/wp\/v2\/product"}],"about":[{"href":"https:\/\/stampcurio.com\/hu\/wp-json\/wp\/v2\/types\/product"}],"wp:featuredmedia":[{"embeddable":true,"href":"https:\/\/stampcurio.com\/hu\/wp-json\/wp\/v2\/media\/28006"}],"wp:attachment":[{"href":"https:\/\/stampcurio.com\/hu\/wp-json\/wp\/v2\/media?parent=27082"}],"wp:term":[{"taxonomy":"product_brand","embeddable":true,"href":"https:\/\/stampcurio.com\/hu\/wp-json\/wp\/v2\/product_brand?post=27082"},{"taxonomy":"product_cat","embeddable":true,"href":"https:\/\/stampcurio.com\/hu\/wp-json\/wp\/v2\/product_cat?post=27082"},{"taxonomy":"product_tag","embeddable":true,"href":"https:\/\/stampcurio.com\/hu\/wp-json\/wp\/v2\/product_tag?post=27082"}],"curies":[{"name":"wp","href":"https:\/\/api.w.org\/{rel}","templated":true}]}}