{"id":27081,"date":"2025-11-24T16:27:03","date_gmt":"2025-11-24T15:27:03","guid":{"rendered":"https:\/\/stampcurio.com\/product\/1919-magyarorszag-kolozsvar-es-nagyvarad-portozott-ajanlott\/"},"modified":"2025-12-05T04:04:08","modified_gmt":"2025-12-05T03:04:08","slug":"1919-romania-az-erdelyi-tavirda-es-telefon-igazgatosag-pecsetevel-ellatott-daniaba-kuldott-ajanlott-boritek-bukaresti-cenzuraval-tobb-belyegen-elcsuszott-felulnyomassal","status":"publish","type":"product","link":"https:\/\/stampcurio.com\/hu\/termek\/1919-romania-az-erdelyi-tavirda-es-telefon-igazgatosag-pecsetevel-ellatott-daniaba-kuldott-ajanlott-boritek-bukaresti-cenzuraval-tobb-belyegen-elcsuszott-felulnyomassal\/","title":{"rendered":"1919 Rom\u00e1nia &#8211; Az erd\u00e9lyi t\u00e1virda \u00e9s telefon igazgat\u00f3s\u00e1g pecs\u00e9t\u00e9vel ell\u00e1tott D\u00e1ni\u00e1ba k\u00fcld\u00f6tt aj\u00e1nlott bor\u00edt\u00e9k, bukaresti cenz\u00far\u00e1val. T\u00f6bb b\u00e9lyegen elcs\u00faszott fel\u00fclnyom\u00e1ssal!"},"content":{"rendered":"","protected":false},"excerpt":{"rendered":"","protected":false},"featured_media":27994,"template":"","meta":[],"product_brand":[],"product_cat":[1200,1172,1208],"product_tag":[1669,116,233,1332,89,217],"class_list":{"0":"post-27081","1":"product","2":"type-product","3":"status-publish","4":"has-post-thumbnail","6":"product_cat-dania","7":"product_cat-magyarorszag","8":"product_cat-romania","9":"product_tag-3rd-auction","10":"product_tag-belyeg","11":"product_tag-cenzura","12":"product_tag-helyi-kiadas","13":"product_tag-postatortenet","14":"product_tag-tevnyomat","16":"first","17":"outofstock","18":"sold-individually","19":"shipping-taxable","20":"purchasable","21":"product-type-simple"},"_links":{"self":[{"href":"https:\/\/stampcurio.com\/hu\/wp-json\/wp\/v2\/product\/27081","targetHints":{"allow":["GET"]}}],"collection":[{"href":"https:\/\/stampcurio.com\/hu\/wp-json\/wp\/v2\/product"}],"about":[{"href":"https:\/\/stampcurio.com\/hu\/wp-json\/wp\/v2\/types\/product"}],"wp:featuredmedia":[{"embeddable":true,"href":"https:\/\/stampcurio.com\/hu\/wp-json\/wp\/v2\/media\/27994"}],"wp:attachment":[{"href":"https:\/\/stampcurio.com\/hu\/wp-json\/wp\/v2\/media?parent=27081"}],"wp:term":[{"taxonomy":"product_brand","embeddable":true,"href":"https:\/\/stampcurio.com\/hu\/wp-json\/wp\/v2\/product_brand?post=27081"},{"taxonomy":"product_cat","embeddable":true,"href":"https:\/\/stampcurio.com\/hu\/wp-json\/wp\/v2\/product_cat?post=27081"},{"taxonomy":"product_tag","embeddable":true,"href":"https:\/\/stampcurio.com\/hu\/wp-json\/wp\/v2\/product_tag?post=27081"}],"curies":[{"name":"wp","href":"https:\/\/api.w.org\/{rel}","templated":true}]}}