{"id":27080,"date":"2025-11-24T16:27:02","date_gmt":"2025-11-24T15:27:02","guid":{"rendered":"https:\/\/stampcurio.com\/product\/1919-magyarorszag-baranya-i-vegyes\/"},"modified":"2026-01-05T15:14:41","modified_gmt":"2026-01-05T14:14:41","slug":"1919-magyarorszag-helyi-boritek-szerb-cenzuraval-es-baranya-i-es-magyar-aratos-es-tanacskoztarsasag-aratos-belyegekkel-vegyes-bermentesitesben-attest-bodor","status":"publish","type":"product","link":"https:\/\/stampcurio.com\/hu\/termek\/1919-magyarorszag-helyi-boritek-szerb-cenzuraval-es-baranya-i-es-magyar-aratos-es-tanacskoztarsasag-aratos-belyegekkel-vegyes-bermentesitesben-attest-bodor\/","title":{"rendered":"1919 Magyarorsz\u00e1g &#8211; helyi bor\u00edt\u00e9k szerb cenz\u00far\u00e1val \u00e9s Baranya I. \u00e9s magyar arat\u00f3s \u00e9s tan\u00e1csk\u00f6zt\u00e1rsas\u00e1g (!) arat\u00f3s b\u00e9lyegekkel vegyes b\u00e9rmentes\u00edt\u00e9sben &#8211; Attest: Bodor"},"content":{"rendered":"","protected":false},"excerpt":{"rendered":"","protected":false},"featured_media":27964,"template":"","meta":[],"product_brand":[],"product_cat":[1172,1245],"product_tag":[1669,116,233,1332,89,1006,172],"class_list":{"0":"post-27080","1":"product","2":"type-product","3":"status-publish","4":"has-post-thumbnail","6":"product_cat-magyarorszag","7":"product_cat-szerbia","8":"product_tag-3rd-auction","9":"product_tag-belyeg","10":"product_tag-cenzura","11":"product_tag-helyi-kiadas","12":"product_tag-postatortenet","13":"product_tag-unsold","14":"product_tag-vegyes-bermentesites","16":"first","17":"instock","18":"sold-individually","19":"shipping-taxable","20":"purchasable","21":"product-type-simple"},"_links":{"self":[{"href":"https:\/\/stampcurio.com\/hu\/wp-json\/wp\/v2\/product\/27080","targetHints":{"allow":["GET"]}}],"collection":[{"href":"https:\/\/stampcurio.com\/hu\/wp-json\/wp\/v2\/product"}],"about":[{"href":"https:\/\/stampcurio.com\/hu\/wp-json\/wp\/v2\/types\/product"}],"wp:featuredmedia":[{"embeddable":true,"href":"https:\/\/stampcurio.com\/hu\/wp-json\/wp\/v2\/media\/27964"}],"wp:attachment":[{"href":"https:\/\/stampcurio.com\/hu\/wp-json\/wp\/v2\/media?parent=27080"}],"wp:term":[{"taxonomy":"product_brand","embeddable":true,"href":"https:\/\/stampcurio.com\/hu\/wp-json\/wp\/v2\/product_brand?post=27080"},{"taxonomy":"product_cat","embeddable":true,"href":"https:\/\/stampcurio.com\/hu\/wp-json\/wp\/v2\/product_cat?post=27080"},{"taxonomy":"product_tag","embeddable":true,"href":"https:\/\/stampcurio.com\/hu\/wp-json\/wp\/v2\/product_tag?post=27080"}],"curies":[{"name":"wp","href":"https:\/\/api.w.org\/{rel}","templated":true}]}}