{"id":27077,"date":"2025-11-24T16:27:01","date_gmt":"2025-11-24T15:27:01","guid":{"rendered":"https:\/\/stampcurio.com\/product\/1919-magyarorszag-baranya-i-ajanlott-kulfoldre-2\/"},"modified":"2026-01-07T12:45:08","modified_gmt":"2026-01-07T11:45:08","slug":"1919-magyarorszag-villanybol-baranya-i-felulnyomasu-belyegekkel-svajcba-kuldott-ajanlott-boritek-attest-bodor","status":"publish","type":"product","link":"https:\/\/stampcurio.com\/hu\/termek\/1919-magyarorszag-villanybol-baranya-i-felulnyomasu-belyegekkel-svajcba-kuldott-ajanlott-boritek-attest-bodor\/","title":{"rendered":"1919 Magyarorsz\u00e1g &#8211; Vill\u00e1nyb\u00f3l Baranya I. fel\u00fclnyom\u00e1s\u00fa b\u00e9lyegekkel Sv\u00e1jcba k\u00fcld\u00f6tt aj\u00e1nlott bor\u00edt\u00e9k &#8211; Attest: Bodor"},"content":{"rendered":"","protected":false},"excerpt":{"rendered":"","protected":false},"featured_media":27976,"template":"","meta":[],"product_brand":[],"product_cat":[1172,1191,1245],"product_tag":[1669,116,1332,89],"class_list":{"0":"post-27077","1":"product","2":"type-product","3":"status-publish","4":"has-post-thumbnail","6":"product_cat-magyarorszag","7":"product_cat-svajc","8":"product_cat-szerbia","9":"product_tag-3rd-auction","10":"product_tag-belyeg","11":"product_tag-helyi-kiadas","12":"product_tag-postatortenet","14":"first","15":"outofstock","16":"sold-individually","17":"shipping-taxable","18":"purchasable","19":"product-type-simple"},"_links":{"self":[{"href":"https:\/\/stampcurio.com\/hu\/wp-json\/wp\/v2\/product\/27077","targetHints":{"allow":["GET"]}}],"collection":[{"href":"https:\/\/stampcurio.com\/hu\/wp-json\/wp\/v2\/product"}],"about":[{"href":"https:\/\/stampcurio.com\/hu\/wp-json\/wp\/v2\/types\/product"}],"wp:featuredmedia":[{"embeddable":true,"href":"https:\/\/stampcurio.com\/hu\/wp-json\/wp\/v2\/media\/27976"}],"wp:attachment":[{"href":"https:\/\/stampcurio.com\/hu\/wp-json\/wp\/v2\/media?parent=27077"}],"wp:term":[{"taxonomy":"product_brand","embeddable":true,"href":"https:\/\/stampcurio.com\/hu\/wp-json\/wp\/v2\/product_brand?post=27077"},{"taxonomy":"product_cat","embeddable":true,"href":"https:\/\/stampcurio.com\/hu\/wp-json\/wp\/v2\/product_cat?post=27077"},{"taxonomy":"product_tag","embeddable":true,"href":"https:\/\/stampcurio.com\/hu\/wp-json\/wp\/v2\/product_tag?post=27077"}],"curies":[{"name":"wp","href":"https:\/\/api.w.org\/{rel}","templated":true}]}}