{"id":27076,"date":"2025-11-24T16:27:01","date_gmt":"2025-11-24T15:27:01","guid":{"rendered":"https:\/\/stampcurio.com\/product\/1919-magyarorszag-baranya-i-helyi\/"},"modified":"2026-01-08T12:27:20","modified_gmt":"2026-01-08T11:27:20","slug":"1919-magyarorszag-helyi-boritek-baranya-i-belyegekkel-kozte-parlament-10-korona-is-a-negyestombon-hianyos-felulnyomattal","status":"publish","type":"product","link":"https:\/\/stampcurio.com\/hu\/termek\/1919-magyarorszag-helyi-boritek-baranya-i-belyegekkel-kozte-parlament-10-korona-is-a-negyestombon-hianyos-felulnyomattal\/","title":{"rendered":"1919 Magyarorsz\u00e1g &#8211; helyi bor\u00edt\u00e9k Baranya I. b\u00e9lyegekkel k\u00f6zte Parlament 10 Korona is &#8211; a n\u00e9gyest\u00f6mb\u00f6n hi\u00e1nyos fel\u00fclnyomattal"},"content":{"rendered":"","protected":false},"excerpt":{"rendered":"","protected":false},"featured_media":27980,"template":"","meta":[],"product_brand":[],"product_cat":[1172,1245],"product_tag":[1669,116,1332,89,217],"class_list":{"0":"post-27076","1":"product","2":"type-product","3":"status-publish","4":"has-post-thumbnail","6":"product_cat-magyarorszag","7":"product_cat-szerbia","8":"product_tag-3rd-auction","9":"product_tag-belyeg","10":"product_tag-helyi-kiadas","11":"product_tag-postatortenet","12":"product_tag-tevnyomat","14":"first","15":"outofstock","16":"sold-individually","17":"shipping-taxable","18":"purchasable","19":"product-type-simple"},"_links":{"self":[{"href":"https:\/\/stampcurio.com\/hu\/wp-json\/wp\/v2\/product\/27076","targetHints":{"allow":["GET"]}}],"collection":[{"href":"https:\/\/stampcurio.com\/hu\/wp-json\/wp\/v2\/product"}],"about":[{"href":"https:\/\/stampcurio.com\/hu\/wp-json\/wp\/v2\/types\/product"}],"wp:featuredmedia":[{"embeddable":true,"href":"https:\/\/stampcurio.com\/hu\/wp-json\/wp\/v2\/media\/27980"}],"wp:attachment":[{"href":"https:\/\/stampcurio.com\/hu\/wp-json\/wp\/v2\/media?parent=27076"}],"wp:term":[{"taxonomy":"product_brand","embeddable":true,"href":"https:\/\/stampcurio.com\/hu\/wp-json\/wp\/v2\/product_brand?post=27076"},{"taxonomy":"product_cat","embeddable":true,"href":"https:\/\/stampcurio.com\/hu\/wp-json\/wp\/v2\/product_cat?post=27076"},{"taxonomy":"product_tag","embeddable":true,"href":"https:\/\/stampcurio.com\/hu\/wp-json\/wp\/v2\/product_tag?post=27076"}],"curies":[{"name":"wp","href":"https:\/\/api.w.org\/{rel}","templated":true}]}}