{"id":27075,"date":"2025-11-24T16:27:00","date_gmt":"2025-11-24T15:27:00","guid":{"rendered":"https:\/\/stampcurio.com\/product\/1920-magyarorszag-baranya-i-ajanlott-levlap\/"},"modified":"2026-01-07T12:48:47","modified_gmt":"2026-01-07T11:48:47","slug":"1920-magyarorszag-baranya-ajanlott-levelezolap-pecsrol-svajcba-kuldve-egy-szerb-dijjegyes-lapot-hasznaltak-fel-a-kuldmenyhez-melyen-vegyes-bermentesiteskent-koztarsasag-es-baranya-i-felulnyomas","status":"publish","type":"product","link":"https:\/\/stampcurio.com\/hu\/termek\/1920-magyarorszag-baranya-ajanlott-levelezolap-pecsrol-svajcba-kuldve-egy-szerb-dijjegyes-lapot-hasznaltak-fel-a-kuldmenyhez-melyen-vegyes-bermentesiteskent-koztarsasag-es-baranya-i-felulnyomas\/","title":{"rendered":"1920 Magyarorsz\u00e1g &#8211; Baranya &#8211; Aj\u00e1nlott levelez\u0151lap P\u00e9csr\u0151l Sv\u00e1jcba k\u00fcldve. Egy szerb d\u00edjjegyes lapot haszn\u00e1ltak fel a k\u00fcldm\u00e9nyhez, melyen vegyes b\u00e9rmentes\u00edt\u00e9sk\u00e9nt K\u00d6ZT\u00c1RSAS\u00c1G \u00e9s Baranya I. fel\u00fclnyom\u00e1s\u00fa b\u00e9lyegek tal\u00e1lhat\u00f3ak. Attest: Bodor"},"content":{"rendered":"","protected":false},"excerpt":{"rendered":"","protected":false},"featured_media":27984,"template":"","meta":[],"product_brand":[],"product_cat":[1172,1191,1245],"product_tag":[1669,116,74,1332,89,172],"class_list":{"0":"post-27075","1":"product","2":"type-product","3":"status-publish","4":"has-post-thumbnail","6":"product_cat-magyarorszag","7":"product_cat-svajc","8":"product_cat-szerbia","9":"product_tag-3rd-auction","10":"product_tag-belyeg","11":"product_tag-dijjegyes","12":"product_tag-helyi-kiadas","13":"product_tag-postatortenet","14":"product_tag-vegyes-bermentesites","16":"first","17":"outofstock","18":"sold-individually","19":"shipping-taxable","20":"purchasable","21":"product-type-simple"},"_links":{"self":[{"href":"https:\/\/stampcurio.com\/hu\/wp-json\/wp\/v2\/product\/27075","targetHints":{"allow":["GET"]}}],"collection":[{"href":"https:\/\/stampcurio.com\/hu\/wp-json\/wp\/v2\/product"}],"about":[{"href":"https:\/\/stampcurio.com\/hu\/wp-json\/wp\/v2\/types\/product"}],"wp:featuredmedia":[{"embeddable":true,"href":"https:\/\/stampcurio.com\/hu\/wp-json\/wp\/v2\/media\/27984"}],"wp:attachment":[{"href":"https:\/\/stampcurio.com\/hu\/wp-json\/wp\/v2\/media?parent=27075"}],"wp:term":[{"taxonomy":"product_brand","embeddable":true,"href":"https:\/\/stampcurio.com\/hu\/wp-json\/wp\/v2\/product_brand?post=27075"},{"taxonomy":"product_cat","embeddable":true,"href":"https:\/\/stampcurio.com\/hu\/wp-json\/wp\/v2\/product_cat?post=27075"},{"taxonomy":"product_tag","embeddable":true,"href":"https:\/\/stampcurio.com\/hu\/wp-json\/wp\/v2\/product_tag?post=27075"}],"curies":[{"name":"wp","href":"https:\/\/api.w.org\/{rel}","templated":true}]}}