{"id":27069,"date":"2025-11-24T16:26:58","date_gmt":"2025-11-24T15:26:58","guid":{"rendered":"https:\/\/stampcurio.com\/product\/1841-ausztria-bukurest-pestis-fertotlenito-allomas-belyegzovel-hatoldalan-magyar-cimeres-belyegzessel-muller-20x2\/"},"modified":"2026-01-05T15:18:31","modified_gmt":"2026-01-05T14:18:31","slug":"1841-ausztria-bukurest-konzulatusi-level-kolera-fertotlenito-allomas-belyegzovel-a-hatoldalan-magyar-cimeres-viaszpecsetekkel-muller-20x2-pont","status":"publish","type":"product","link":"https:\/\/stampcurio.com\/hu\/termek\/1841-ausztria-bukurest-konzulatusi-level-kolera-fertotlenito-allomas-belyegzovel-a-hatoldalan-magyar-cimeres-viaszpecsetekkel-muller-20x2-pont\/","title":{"rendered":"1841 Ausztria &#8211; BUKUREST konzul\u00e1tusi lev\u00e9l kolera fert\u0151tlen\u00edt\u0151 \u00e1llom\u00e1s b\u00e9lyegz\u0151vel a h\u00e1toldal\u00e1n. Magyar c\u00edmeres viaszpecs\u00e9tekkel. | M\u00fcller: 20&#215;2 pont"},"content":{"rendered":"","protected":false},"excerpt":{"rendered":"","protected":false},"featured_media":36123,"template":"","meta":[],"product_brand":[],"product_cat":[1178,1172,1208],"product_tag":[1669,1711,127,1041,89,1006,1305],"class_list":{"0":"post-27069","1":"product","2":"type-product","3":"status-publish","4":"has-post-thumbnail","6":"product_cat-ausztria","7":"product_cat-magyarorszag","8":"product_cat-romania","9":"product_tag-3rd-auction","10":"product_tag-hungarika","11":"product_tag-konzulatusi-posta","12":"product_tag-marcophily-hu","13":"product_tag-postatortenet","14":"product_tag-unsold","15":"product_tag-vorphila","17":"first","18":"instock","19":"sold-individually","20":"shipping-taxable","21":"purchasable","22":"product-type-simple"},"_links":{"self":[{"href":"https:\/\/stampcurio.com\/hu\/wp-json\/wp\/v2\/product\/27069","targetHints":{"allow":["GET"]}}],"collection":[{"href":"https:\/\/stampcurio.com\/hu\/wp-json\/wp\/v2\/product"}],"about":[{"href":"https:\/\/stampcurio.com\/hu\/wp-json\/wp\/v2\/types\/product"}],"wp:featuredmedia":[{"embeddable":true,"href":"https:\/\/stampcurio.com\/hu\/wp-json\/wp\/v2\/media\/36123"}],"wp:attachment":[{"href":"https:\/\/stampcurio.com\/hu\/wp-json\/wp\/v2\/media?parent=27069"}],"wp:term":[{"taxonomy":"product_brand","embeddable":true,"href":"https:\/\/stampcurio.com\/hu\/wp-json\/wp\/v2\/product_brand?post=27069"},{"taxonomy":"product_cat","embeddable":true,"href":"https:\/\/stampcurio.com\/hu\/wp-json\/wp\/v2\/product_cat?post=27069"},{"taxonomy":"product_tag","embeddable":true,"href":"https:\/\/stampcurio.com\/hu\/wp-json\/wp\/v2\/product_tag?post=27069"}],"curies":[{"name":"wp","href":"https:\/\/api.w.org\/{rel}","templated":true}]}}