{"id":27068,"date":"2025-11-24T16:26:55","date_gmt":"2025-11-24T15:26:55","guid":{"rendered":"https:\/\/stampcurio.com\/product\/1891-magyarorszag-naptarbelyeg-szignetta-1-2-sorszammal-naptar-elolapon\/"},"modified":"2025-12-05T04:04:13","modified_gmt":"2025-12-05T03:04:13","slug":"1891-magyarorszag-naptar-elouldal-naptarbelyeg-szignettekkal-1-2-sorszam","status":"publish","type":"product","link":"https:\/\/stampcurio.com\/hu\/termek\/1891-magyarorszag-naptar-elouldal-naptarbelyeg-szignettekkal-1-2-sorszam\/","title":{"rendered":"1891 Magyarorsz\u00e1g &#8211; Napt\u00e1r el\u0151\u00fcldal napt\u00e1rb\u00e9lyeg szignett\u00e9kkal: 1., 2. sorsz\u00e1m"},"content":{"rendered":"","protected":false},"excerpt":{"rendered":"","protected":false},"featured_media":27908,"template":"","meta":[],"product_brand":[],"product_cat":[1172],"product_tag":[1669,282,1329],"class_list":{"0":"post-27068","1":"product","2":"type-product","3":"status-publish","4":"has-post-thumbnail","6":"product_cat-magyarorszag","7":"product_tag-3rd-auction","8":"product_tag-okmanybelyeg","9":"product_tag-szignetta","11":"first","12":"outofstock","13":"sold-individually","14":"shipping-taxable","15":"purchasable","16":"product-type-simple"},"_links":{"self":[{"href":"https:\/\/stampcurio.com\/hu\/wp-json\/wp\/v2\/product\/27068","targetHints":{"allow":["GET"]}}],"collection":[{"href":"https:\/\/stampcurio.com\/hu\/wp-json\/wp\/v2\/product"}],"about":[{"href":"https:\/\/stampcurio.com\/hu\/wp-json\/wp\/v2\/types\/product"}],"wp:featuredmedia":[{"embeddable":true,"href":"https:\/\/stampcurio.com\/hu\/wp-json\/wp\/v2\/media\/27908"}],"wp:attachment":[{"href":"https:\/\/stampcurio.com\/hu\/wp-json\/wp\/v2\/media?parent=27068"}],"wp:term":[{"taxonomy":"product_brand","embeddable":true,"href":"https:\/\/stampcurio.com\/hu\/wp-json\/wp\/v2\/product_brand?post=27068"},{"taxonomy":"product_cat","embeddable":true,"href":"https:\/\/stampcurio.com\/hu\/wp-json\/wp\/v2\/product_cat?post=27068"},{"taxonomy":"product_tag","embeddable":true,"href":"https:\/\/stampcurio.com\/hu\/wp-json\/wp\/v2\/product_tag?post=27068"}],"curies":[{"name":"wp","href":"https:\/\/api.w.org\/{rel}","templated":true}]}}